{"id":29222,"date":"2020-05-22T22:17:56","date_gmt":"2020-05-22T22:17:56","guid":{"rendered":"https:\/\/quehacerencancun.mycancuntours.com.mx\/?page_id=29222"},"modified":"2021-11-26T23:45:32","modified_gmt":"2021-11-26T23:45:32","slug":"que-hacer-en-bacalar","status":"publish","type":"page","link":"https:\/\/www.mycancuntours.com.mx\/quehacerencancun\/que-hacer-en-bacalar\/","title":{"rendered":"Bacalar"},"content":{"rendered":"[vc_row][vc_column][vc_column_text]\n<h2>\u00bfQu\u00e9 puedes hacer en Bacalar?<\/h2>\n<p>Es pueblo muy peque\u00f1o que fue fundado por los mayas. Fue abandonado durante mucho tiempo y posteriormente repoblado, los espa\u00f1oles establecieron ah\u00ed donde posteriormente ser\u00eda su asentamiento m\u00e1s importante de la costa oriental en el a\u00f1o 1630. Durante el siglo XVIII fue objeto de varios ataques de piratas, que quer\u00edan controlar este lugar para quedarse con el mercado local. As\u00ed que se construy\u00f3 una fortificaci\u00f3n y el fuerte de San Felipe, que hoy en d\u00eda es un atractivo tur\u00edstico que se puede visitar. El pueblo de Bacalar quedo en ruinas Durante la Guerra de Castas, fue hasta entrado el siglo XIX cuando se repobl\u00f3 nuevamente.<\/p>\n<p><strong>Disfruta esta maravilla natural en una<\/strong> <a href=\"https:\/\/www.mycancuntours.com.mx\/tours-privados\/tour-privado-laguna-de-bacalar\/informacion\">excursi\u00f3n privada.<\/a>[\/vc_column_text][\/vc_column][\/vc_row][vc_row][vc_column][vc_single_image image=&#8221;29872&#8243; img_size=&#8221;large&#8221; alignment=&#8221;center&#8221; onclick=&#8221;custom_link&#8221; link=&#8221;https:\/\/www.mycancuntours.com.mx\/tours-privados\/bacalar-privado\/informacion&#8221;][\/vc_column][\/vc_row][vc_row css=&#8221;.vc_custom_1590016487368{margin-bottom: 0px !important;}&#8221;][vc_column css=&#8221;.vc_custom_1590016867459{margin-bottom: 0px !important;padding-bottom: 0px !important;}&#8221; offset=&#8221;vc_col-lg-offset-0&#8243;]<div class=\"preloader\"><div class=\"preloader-spin\"><\/div><\/div><div class=\"blog blog-style-3x clearfix blog-style-masonry item-animation-move-up\" data-next-page=\"0\">\n<article id=\"post-30412\" class=\"col-lg-4 col-md-4 col-sm-6 col-xs-6 item-animations-not-inited post-30412 post type-post status-publish format-standard has-post-thumbnail category-tours-bacalar\"> <div class=\"post-image\"><div class=\"post-featured-content\"><a href=\"https:\/\/www.mycancuntours.com.mx\/quehacerencancun\/laguna-de-bacalar-y-sus-7-colores\/\"> <picture> <source srcset=\"https:\/\/www.mycancuntours.com.mx\/quehacerencancun\/wp-content\/uploads\/2021\/09\/bacalar-barcos-300x300-1.jpg 1x, https:\/\/www.mycancuntours.com.mx\/quehacerencancun\/wp-content\/uploads\/2021\/09\/bacalar-barcos-300x300-1.jpg 2x\" media=\"(max-width: 600px)\" sizes=\"100vw\"> <source srcset=\"https:\/\/www.mycancuntours.com.mx\/quehacerencancun\/wp-content\/uploads\/2021\/09\/bacalar-barcos-300x300-1.jpg 1x, https:\/\/www.mycancuntours.com.mx\/quehacerencancun\/wp-content\/uploads\/2021\/09\/bacalar-barcos-300x300-1.jpg 2x\" media=\"(max-width: 992px)\" sizes=\"100vw\"> <source srcset=\"https:\/\/www.mycancuntours.com.mx\/quehacerencancun\/wp-content\/uploads\/2021\/09\/bacalar-barcos-300x300-1.jpg 1x, https:\/\/www.mycancuntours.com.mx\/quehacerencancun\/wp-content\/uploads\/2021\/09\/bacalar-barcos-300x300-1.jpg 2x\" media=\"(max-width: 1920px)\" sizes=\"100vw\"> <img src=\"https:\/\/www.mycancuntours.com.mx\/quehacerencancun\/wp-content\/uploads\/2021\/09\/bacalar-barcos-300x300-1.jpg\" width=\"300\" height=\"300\" class=\"img-responsive\" alt=\"canal de los piratas en bacalar\" \/> <\/picture> <\/a><\/div><\/div> <div class=\"description\"> <div class=\"post-meta-conteiner\"> <span class=\"post-meta-author\">By MCT Social<\/span> <div class=\"post-meta-right\"> <span class=\"post-meta-likes\"><a href=\"#\" class=\"zilla-likes\" id=\"zilla-likes-30412\" title=\"Like this\"><span class=\"zilla-likes-count\">9<\/span> <span class=\"zilla-likes-postfix\"><\/span><\/a><\/span> <\/div> <\/div> <div class=\"post-title\"> <div class=\"entry-title title-h4\"><a href=\"https:\/\/www.mycancuntours.com.mx\/quehacerencancun\/laguna-de-bacalar-y-sus-7-colores\/\" rel=\"bookmark\">25 Sep: <span class=\"light\">\u00bf Como llegar a la Laguna de Bacalar?<\/span><\/a><\/div> <\/div> <div class=\"post-text\"> <div class=\"summary\"> <p>Laguna de Bacalar o laguna de los 7 colores, es una laguna ubicada en el estado de Quintana Roo. Sin&#8230;<\/p> <\/div> <\/div> <div class=\"info clearfix\"> <div class=\"post-footer-sharing\"><div class=\"gem-button-container gem-button-position-inline\"><a class=\"gem-button gem-button-size-tiny gem-button-style-flat gem-button-text-weight-normal gem-button-empty\" style=\"border-radius: 3px;\" onmouseleave=\"\" onmouseenter=\"\" href=\"#\" target=\"_self\"><i class=\"gem-print-icon gem-icon-pack-thegem-icons gem-icon-share\"><\/i><\/a><\/div> <div class=\"sharing-popup\">\n<div class=\"socials-sharing socials socials-colored-hover \"> <a class=\"socials-item\" target=\"_blank\" href=\"https:\/\/www.facebook.com\/sharer\/sharer.php?u=https%3A%2F%2Fwww.mycancuntours.com.mx%2Fquehacerencancun%2Flaguna-de-bacalar-y-sus-7-colores%2F\" title=\"Facebook\"><i class=\"socials-item-icon facebook\"><\/i><\/a> <a class=\"socials-item\" target=\"_blank\" href=\"https:\/\/twitter.com\/intent\/tweet?text=%C2%BF+Como+llegar+a++la+Laguna+de+Bacalar%3F&#038;url=https%3A%2F%2Fwww.mycancuntours.com.mx%2Fquehacerencancun%2Flaguna-de-bacalar-y-sus-7-colores%2F\" title=\"Twitter\"><i class=\"socials-item-icon twitter\"><\/i><\/a> <a class=\"socials-item\" target=\"_blank\" href=\"https:\/\/pinterest.com\/pin\/create\/button\/?url=https%3A%2F%2Fwww.mycancuntours.com.mx%2Fquehacerencancun%2Flaguna-de-bacalar-y-sus-7-colores%2F&#038;description=%C2%BF+Como+llegar+a++la+Laguna+de+Bacalar%3F&#038;media=https%3A%2F%2Fwww.mycancuntours.com.mx%2Fquehacerencancun%2Fwp-content%2Fuploads%2F2021%2F09%2Fbacalar-barcos-300x300-1.jpg\" title=\"Pinterest\"><i class=\"socials-item-icon pinterest\"><\/i><\/a> <a class=\"socials-item\" target=\"_blank\" href=\"http:\/\/tumblr.com\/widgets\/share\/tool?canonicalUrl=https%3A%2F%2Fwww.mycancuntours.com.mx%2Fquehacerencancun%2Flaguna-de-bacalar-y-sus-7-colores%2F\" title=\"Tumblr\"><i class=\"socials-item-icon tumblr\"><\/i><\/a> <a class=\"socials-item\" target=\"_blank\" href=\"https:\/\/www.linkedin.com\/shareArticle?mini=true&#038;url=https%3A%2F%2Fwww.mycancuntours.com.mx%2Fquehacerencancun%2Flaguna-de-bacalar-y-sus-7-colores%2F&#038;title=%C2%BF+Como+llegar+a++la+Laguna+de+Bacalar%3F&amp;summary=Laguna+de+Bacalar+o+laguna+de+los+7+colores%2C+es+una+laguna+ubicada+en+el+estado+de+Quintana+Roo.+Sin...\" title=\"LinkedIn\"><i class=\"socials-item-icon linkedin\"><\/i><\/a> <a class=\"socials-item\" target=\"_blank\" href=\"https:\/\/www.reddit.com\/submit?url=https%3A%2F%2Fwww.mycancuntours.com.mx%2Fquehacerencancun%2Flaguna-de-bacalar-y-sus-7-colores%2F&#038;title=%C2%BF+Como+llegar+a++la+Laguna+de+Bacalar%3F\" title=\"Reddit\"><i class=\"socials-item-icon reddit\"><\/i><\/a>\n<\/div>\n<svg class=\"sharing-styled-arrow\"><use xlink:href=\"https:\/\/www.mycancuntours.com.mx\/quehacerencancun\/wp-content\/themes\/thegem\/css\/post-arrow.svg#dec-post-arrow\"><\/use><\/svg><\/div><\/div> <div class=\"post-read-more\"><div class=\"gem-button-container gem-button-position-inline\"><a class=\"gem-button gem-button-size-tiny gem-button-style-outline gem-button-text-weight-normal gem-button-border-2\" style=\"border-radius: 3px;\" onmouseleave=\"\" onmouseenter=\"\" href=\"https:\/\/www.mycancuntours.com.mx\/quehacerencancun\/laguna-de-bacalar-y-sus-7-colores\/\" target=\"_self\">Read More<\/a><\/div> <\/div> <\/div> <\/div> <\/article>\n<\/div>[\/vc_column][\/vc_row][vc_row][vc_column][vc_column_text]\n<h3><span style=\"color: #ff9900;\">Un Favorito del Caribe Mexicano<\/span><\/h3>\n<p>Actualmente, Bacalar es un lugar cada vez m\u00e1s popular para las personas que desean adquirir una segunda vivienda de descanso. O para los jubilados que quieren encontrar un retiro so\u00f1ado. Pero tambi\u00e9n se ha convertido en el lugar favorito de muchos turistas, gracias a su gran atractivo.<em> <strong><a href=\"https:\/\/www.mycancuntours.com.mx\/bacalar\/informacion\">La Laguna de los Siete Colores<\/a>.<\/strong><\/em> El pueblo en s\u00ed esta poblado mayormente por propiedades privadas hay muy pocas entradas libres a la laguna. Tras la cual se pueden encontrar calles con peque\u00f1os hoteles o caba\u00f1as, caf\u00e9s, restaurantes y tiendas de conveniencia. Tambi\u00e9n se puede visitar el parque de la plaza principal. Mientras te alejas del agua, las calles van perdiendo su inter\u00e9s.<\/p>\n<h3><span style=\"color: #ff9900;\">Hermosos Cenotes<\/span><\/h3>\n<p>Ahora bien, si lo tuyo es nadar en los famosos <a href=\"https:\/\/www.mycancuntours.com.mx\/cenotes-tours\/tour-excursiones\">cenotes sagrados<\/a>, no puedes dejar de visitar Cocalitos en este lugar. Tambi\u00e9n puedes ver los estromatolitos. Tambi\u00e9n est\u00e1 el Cenote Negro. Esta se encuentra dentro de la laguna y que los buzos se\u00f1alan que es m\u00e1s profunda que Bacalar con 90 metros. Finalmente, el Cenote Azul y Esmeralda te cautivar\u00e1 por la flora y fauna que lo rodea.<\/p>\n<h3><span style=\"color: #ff9900;\">Para quedarse una noche<\/span><\/h3>\n<p>Hay personas que va solamente por un d\u00eda, de hecho, hay paseos desde Canc\u00fan o la Riviera Maya. Luego, aunque vale mucho la pena <strong>quedarse uno o dos d\u00edas en el pueblo<\/strong> y hacer alguna actividad en la laguna. Adem\u00e1s de disfrutar de los pintorescos restaurantes y caf\u00e9s que hay en el lugar.<\/p>\n<p>A <strong>Bacalar<\/strong> lo visita cada vez hay m\u00e1s turismo, es el crecimiento normal que se da en cualquier sitio, aunque a nosotros en lo particular nos gusta visitar lugares que no sean tan concurridos y hasta este momento Bacalar es uno de los destinos m\u00e1s populares para visitar pero sigue siendo menos concurrido.<\/p>\n<p><strong>Visita este pueblo m\u00e1gico en un<\/strong> <a href=\"https:\/\/www.mycancuntours.com.mx\/bacalar\/informacion\">Tour Todo Incluido<\/a>[\/vc_column_text][\/vc_column][\/vc_row][vc_row][vc_column][vc_single_image image=&#8221;30419&#8243; img_size=&#8221;large&#8221; alignment=&#8221;center&#8221; onclick=&#8221;custom_link&#8221; link=&#8221;https:\/\/www.mycancuntours.com.mx\/bacalar\/informacion&#8221;][\/vc_column][\/vc_row][vc_row][vc_column][vc_gmaps link=&#8221;#E-8_JTNDaWZyYW1lJTIwc3JjJTNEJTIyaHR0cHMlM0ElMkYlMkZ3d3cuZ29vZ2xlLmNvbSUyRm1hcHMlMkZlbWJlZCUzRnBiJTNEJTIxMW0xOCUyMTFtMTIlMjExbTMlMjExZDQyNzYzLjU0ODkxMjI0NzgyJTIxMmQtODguNDA4OTk0NzA0NzczMTQlMjEzZDE4LjY3Mjk5NDM4MTk1NTkzJTIxMm0zJTIxMWYwJTIxMmYwJTIxM2YwJTIxM20yJTIxMWkxMDI0JTIxMmk3NjglMjE0ZjEzLjElMjEzbTMlMjExbTIlMjExczB4OGY1YmIxM2UzMDJjMTlmOSUyNTNBMHgxMWNlZGM3ZjJiZDBlNjA4JTIxMnNCYWNhbGFyJTI1MkMlMjUyMFEuUi4lMjE1ZTAlMjEzbTIlMjExc2VzJTIxMnNteCUyMTR2MTYxMjQ4NzkzNDA2MyUyMTVtMiUyMTFzZXMlMjEyc214JTIyJTIwd2lkdGglM0QlMjI2MDAlMjIlMjBoZWlnaHQlM0QlMjI0NTAlMjIlMjBmcmFtZWJvcmRlciUzRCUyMjAlMjIlMjBzdHlsZSUzRCUyMmJvcmRlciUzQTAlM0IlMjIlMjBhbGxvd2Z1bGxzY3JlZW4lM0QlMjIlMjIlMjBhcmlhLWhpZGRlbiUzRCUyMmZhbHNlJTIyJTIwdGFiaW5kZXglM0QlMjIwJTIyJTNFJTNDJTJGaWZyYW1lJTNF&#8221; css_animation=&#8221;bounceIn&#8221; title=&#8221;\u00bfD\u00f3nde queda Bacalar?&#8221;][\/vc_column][\/vc_row]\n","protected":false},"excerpt":{"rendered":"<p>[vc_row][vc_column][vc_column_text] \u00bfQu\u00e9 puedes hacer en Bacalar? Es pueblo muy peque\u00f1o que fue fundado por los mayas. Fue abandonado durante mucho&#8230;<\/p>\n","protected":false},"author":8,"featured_media":0,"parent":0,"menu_order":0,"comment_status":"closed","ping_status":"closed","template":"","meta":[],"yoast_head":"<!-- This site is optimized with the Yoast SEO plugin v17.8 - https:\/\/yoast.com\/wordpress\/plugins\/seo\/ -->\r\n<title>\u00bfQu\u00e9 hacer en Bacalar? - tips, recomendaciones y trucos de viaje.<\/title>\r\n<meta name=\"description\" content=\"Encuentra que hacer en Bacalar, tours, restaurantes, cenotes, lugares hist\u00f3ricos y los puntos clave para tomarte las mejores selfies.\" \/>\r\n<meta name=\"robots\" content=\"index, follow, max-snippet:-1, max-image-preview:large, max-video-preview:-1\" \/>\r\n<link rel=\"canonical\" href=\"https:\/\/www.mycancuntours.com.mx\/quehacerencancun\/que-hacer-en-bacalar\/\" \/>\r\n<meta property=\"og:locale\" content=\"es_MX\" \/>\r\n<meta property=\"og:type\" content=\"article\" \/>\r\n<meta property=\"og:title\" content=\"Encuentra actividades y diversi\u00f3n en Bacalar\" \/>\r\n<meta property=\"og:description\" content=\"Bacalar es un peque\u00f1o pueblo apartado del bullicio de Canc\u00fan donde puedes realizar actividades naturales y memorables\" \/>\r\n<meta property=\"og:url\" content=\"https:\/\/www.mycancuntours.com.mx\/quehacerencancun\/que-hacer-en-bacalar\/\" \/>\r\n<meta property=\"og:site_name\" content=\"Que Hacer en Cancun\" \/>\r\n<meta property=\"article:publisher\" content=\"https:\/\/www.facebook.com\/mycancuntours\" \/>\r\n<meta property=\"article:modified_time\" content=\"2021-11-26T23:45:32+00:00\" \/>\r\n<meta property=\"og:image\" content=\"https:\/\/www.mycancuntours.com.mx\/quehacerencancun\/wp-content\/uploads\/2020\/08\/bacalar-barcos.jpg\" \/>\r\n\t<meta property=\"og:image:width\" content=\"796\" \/>\r\n\t<meta property=\"og:image:height\" content=\"796\" \/>\r\n<meta name=\"twitter:card\" content=\"summary_large_image\" \/>\r\n<meta name=\"twitter:title\" content=\"Encuentra actividades y diversi\u00f3n en Bacalar\" \/>\r\n<meta name=\"twitter:description\" content=\"Bacalar es un peque\u00f1o pueblo apartado del bullicio de Canc\u00fan donde puedes realizar actividades naturales y memorables\" \/>\r\n<meta name=\"twitter:image\" content=\"https:\/\/www.mycancuntours.com.mx\/quehacerencancun\/wp-content\/uploads\/2020\/08\/bacalar-estrematolitos.jpg\" \/>\r\n<meta name=\"twitter:site\" content=\"@mycancuntours\" \/>\r\n<meta name=\"twitter:label1\" content=\"Tiempo de lectura\" \/>\n\t<meta name=\"twitter:data1\" content=\"2 minutos\" \/>\r\n<script type=\"application\/ld+json\" class=\"yoast-schema-graph\">{\"@context\":\"https:\/\/schema.org\",\"@graph\":[{\"@type\":\"Organization\",\"@id\":\"https:\/\/www.mycancuntours.com.mx\/quehacerencancun\/#organization\",\"name\":\"MyCancunTours\",\"url\":\"https:\/\/www.mycancuntours.com.mx\/quehacerencancun\/\",\"sameAs\":[\"https:\/\/www.facebook.com\/mycancuntours\",\"https:\/\/www.instagram.com\/mycancuntours\/\",\"https:\/\/www.youtube.com\/user\/mycancuntours\",\"https:\/\/www.pinterest.com.mx\/mycancuntours\",\"https:\/\/twitter.com\/mycancuntours\"],\"logo\":{\"@type\":\"ImageObject\",\"@id\":\"https:\/\/www.mycancuntours.com.mx\/quehacerencancun\/#logo\",\"inLanguage\":\"es-MX\",\"url\":\"https:\/\/www.mycancuntours.com.mx\/quehacerencancun\/wp-content\/uploads\/2020\/04\/mycancuntours-18anos.png\",\"contentUrl\":\"https:\/\/www.mycancuntours.com.mx\/quehacerencancun\/wp-content\/uploads\/2020\/04\/mycancuntours-18anos.png\",\"width\":200,\"height\":47,\"caption\":\"MyCancunTours\"},\"image\":{\"@id\":\"https:\/\/www.mycancuntours.com.mx\/quehacerencancun\/#logo\"}},{\"@type\":\"WebSite\",\"@id\":\"https:\/\/www.mycancuntours.com.mx\/quehacerencancun\/#website\",\"url\":\"https:\/\/www.mycancuntours.com.mx\/quehacerencancun\/\",\"name\":\"Que Hacer en Cancun\",\"description\":\"Viaja como local con MyCancunTours\",\"publisher\":{\"@id\":\"https:\/\/www.mycancuntours.com.mx\/quehacerencancun\/#organization\"},\"potentialAction\":[{\"@type\":\"SearchAction\",\"target\":{\"@type\":\"EntryPoint\",\"urlTemplate\":\"https:\/\/www.mycancuntours.com.mx\/quehacerencancun\/?s={search_term_string}\"},\"query-input\":\"required name=search_term_string\"}],\"inLanguage\":\"es-MX\"},{\"@type\":\"ImageObject\",\"@id\":\"https:\/\/www.mycancuntours.com.mx\/quehacerencancun\/que-hacer-en-bacalar\/#primaryimage\",\"inLanguage\":\"es-MX\",\"url\":\"https:\/\/www.mycancuntours.com.mx\/quehacerencancun\/wp-content\/uploads\/2020\/08\/bacalar-barcos.jpg\",\"contentUrl\":\"https:\/\/www.mycancuntours.com.mx\/quehacerencancun\/wp-content\/uploads\/2020\/08\/bacalar-barcos.jpg\",\"width\":796,\"height\":796,\"caption\":\"Vista aerea de el canal de los piratas en bacalar\"},{\"@type\":\"WebPage\",\"@id\":\"https:\/\/www.mycancuntours.com.mx\/quehacerencancun\/que-hacer-en-bacalar\/#webpage\",\"url\":\"https:\/\/www.mycancuntours.com.mx\/quehacerencancun\/que-hacer-en-bacalar\/\",\"name\":\"\\u00bfQu\\u00e9 hacer en Bacalar? - tips, recomendaciones y trucos de viaje.\",\"isPartOf\":{\"@id\":\"https:\/\/www.mycancuntours.com.mx\/quehacerencancun\/#website\"},\"datePublished\":\"2020-05-22T22:17:56+00:00\",\"dateModified\":\"2021-11-26T23:45:32+00:00\",\"description\":\"Encuentra que hacer en Bacalar, tours, restaurantes, cenotes, lugares hist\\u00f3ricos y los puntos clave para tomarte las mejores selfies.\",\"breadcrumb\":{\"@id\":\"https:\/\/www.mycancuntours.com.mx\/quehacerencancun\/que-hacer-en-bacalar\/#breadcrumb\"},\"inLanguage\":\"es-MX\",\"potentialAction\":[{\"@type\":\"ReadAction\",\"target\":[\"https:\/\/www.mycancuntours.com.mx\/quehacerencancun\/que-hacer-en-bacalar\/\"]}]},{\"@type\":\"BreadcrumbList\",\"@id\":\"https:\/\/www.mycancuntours.com.mx\/quehacerencancun\/que-hacer-en-bacalar\/#breadcrumb\",\"itemListElement\":[{\"@type\":\"ListItem\",\"position\":1,\"name\":\"Inicio\",\"item\":\"https:\/\/www.mycancuntours.com.mx\/quehacerencancun\/\"},{\"@type\":\"ListItem\",\"position\":2,\"name\":\"Bacalar\"}]}]}<\/script>\r\n<!-- \/ Yoast SEO plugin. -->","yoast_head_json":{"title":"\u00bfQu\u00e9 hacer en Bacalar? - tips, recomendaciones y trucos de viaje.","description":"Encuentra que hacer en Bacalar, tours, restaurantes, cenotes, lugares hist\u00f3ricos y los puntos clave para tomarte las mejores selfies.","robots":{"index":"index","follow":"follow","max-snippet":"max-snippet:-1","max-image-preview":"max-image-preview:large","max-video-preview":"max-video-preview:-1"},"canonical":"https:\/\/www.mycancuntours.com.mx\/quehacerencancun\/que-hacer-en-bacalar\/","og_locale":"es_MX","og_type":"article","og_title":"Encuentra actividades y diversi\u00f3n en Bacalar","og_description":"Bacalar es un peque\u00f1o pueblo apartado del bullicio de Canc\u00fan donde puedes realizar actividades naturales y memorables","og_url":"https:\/\/www.mycancuntours.com.mx\/quehacerencancun\/que-hacer-en-bacalar\/","og_site_name":"Que Hacer en Cancun","article_publisher":"https:\/\/www.facebook.com\/mycancuntours","article_modified_time":"2021-11-26T23:45:32+00:00","og_image":[{"width":796,"height":796,"url":"https:\/\/www.mycancuntours.com.mx\/quehacerencancun\/wp-content\/uploads\/2020\/08\/bacalar-barcos.jpg","type":"image\/jpeg"}],"twitter_card":"summary_large_image","twitter_title":"Encuentra actividades y diversi\u00f3n en Bacalar","twitter_description":"Bacalar es un peque\u00f1o pueblo apartado del bullicio de Canc\u00fan donde puedes realizar actividades naturales y memorables","twitter_image":"https:\/\/www.mycancuntours.com.mx\/quehacerencancun\/wp-content\/uploads\/2020\/08\/bacalar-estrematolitos.jpg","twitter_site":"@mycancuntours","twitter_misc":{"Tiempo de lectura":"2 minutos"},"schema":{"@context":"https:\/\/schema.org","@graph":[{"@type":"Organization","@id":"https:\/\/www.mycancuntours.com.mx\/quehacerencancun\/#organization","name":"MyCancunTours","url":"https:\/\/www.mycancuntours.com.mx\/quehacerencancun\/","sameAs":["https:\/\/www.facebook.com\/mycancuntours","https:\/\/www.instagram.com\/mycancuntours\/","https:\/\/www.youtube.com\/user\/mycancuntours","https:\/\/www.pinterest.com.mx\/mycancuntours","https:\/\/twitter.com\/mycancuntours"],"logo":{"@type":"ImageObject","@id":"https:\/\/www.mycancuntours.com.mx\/quehacerencancun\/#logo","inLanguage":"es-MX","url":"https:\/\/www.mycancuntours.com.mx\/quehacerencancun\/wp-content\/uploads\/2020\/04\/mycancuntours-18anos.png","contentUrl":"https:\/\/www.mycancuntours.com.mx\/quehacerencancun\/wp-content\/uploads\/2020\/04\/mycancuntours-18anos.png","width":200,"height":47,"caption":"MyCancunTours"},"image":{"@id":"https:\/\/www.mycancuntours.com.mx\/quehacerencancun\/#logo"}},{"@type":"WebSite","@id":"https:\/\/www.mycancuntours.com.mx\/quehacerencancun\/#website","url":"https:\/\/www.mycancuntours.com.mx\/quehacerencancun\/","name":"Que Hacer en Cancun","description":"Viaja como local con MyCancunTours","publisher":{"@id":"https:\/\/www.mycancuntours.com.mx\/quehacerencancun\/#organization"},"potentialAction":[{"@type":"SearchAction","target":{"@type":"EntryPoint","urlTemplate":"https:\/\/www.mycancuntours.com.mx\/quehacerencancun\/?s={search_term_string}"},"query-input":"required name=search_term_string"}],"inLanguage":"es-MX"},{"@type":"ImageObject","@id":"https:\/\/www.mycancuntours.com.mx\/quehacerencancun\/que-hacer-en-bacalar\/#primaryimage","inLanguage":"es-MX","url":"https:\/\/www.mycancuntours.com.mx\/quehacerencancun\/wp-content\/uploads\/2020\/08\/bacalar-barcos.jpg","contentUrl":"https:\/\/www.mycancuntours.com.mx\/quehacerencancun\/wp-content\/uploads\/2020\/08\/bacalar-barcos.jpg","width":796,"height":796,"caption":"Vista aerea de el canal de los piratas en bacalar"},{"@type":"WebPage","@id":"https:\/\/www.mycancuntours.com.mx\/quehacerencancun\/que-hacer-en-bacalar\/#webpage","url":"https:\/\/www.mycancuntours.com.mx\/quehacerencancun\/que-hacer-en-bacalar\/","name":"\u00bfQu\u00e9 hacer en Bacalar? - tips, recomendaciones y trucos de viaje.","isPartOf":{"@id":"https:\/\/www.mycancuntours.com.mx\/quehacerencancun\/#website"},"datePublished":"2020-05-22T22:17:56+00:00","dateModified":"2021-11-26T23:45:32+00:00","description":"Encuentra que hacer en Bacalar, tours, restaurantes, cenotes, lugares hist\u00f3ricos y los puntos clave para tomarte las mejores selfies.","breadcrumb":{"@id":"https:\/\/www.mycancuntours.com.mx\/quehacerencancun\/que-hacer-en-bacalar\/#breadcrumb"},"inLanguage":"es-MX","potentialAction":[{"@type":"ReadAction","target":["https:\/\/www.mycancuntours.com.mx\/quehacerencancun\/que-hacer-en-bacalar\/"]}]},{"@type":"BreadcrumbList","@id":"https:\/\/www.mycancuntours.com.mx\/quehacerencancun\/que-hacer-en-bacalar\/#breadcrumb","itemListElement":[{"@type":"ListItem","position":1,"name":"Inicio","item":"https:\/\/www.mycancuntours.com.mx\/quehacerencancun\/"},{"@type":"ListItem","position":2,"name":"Bacalar"}]}]}},"_links":{"self":[{"href":"https:\/\/www.mycancuntours.com.mx\/quehacerencancun\/wp-json\/wp\/v2\/pages\/29222"}],"collection":[{"href":"https:\/\/www.mycancuntours.com.mx\/quehacerencancun\/wp-json\/wp\/v2\/pages"}],"about":[{"href":"https:\/\/www.mycancuntours.com.mx\/quehacerencancun\/wp-json\/wp\/v2\/types\/page"}],"author":[{"embeddable":true,"href":"https:\/\/www.mycancuntours.com.mx\/quehacerencancun\/wp-json\/wp\/v2\/users\/8"}],"replies":[{"embeddable":true,"href":"https:\/\/www.mycancuntours.com.mx\/quehacerencancun\/wp-json\/wp\/v2\/comments?post=29222"}],"version-history":[{"count":25,"href":"https:\/\/www.mycancuntours.com.mx\/quehacerencancun\/wp-json\/wp\/v2\/pages\/29222\/revisions"}],"predecessor-version":[{"id":30489,"href":"https:\/\/www.mycancuntours.com.mx\/quehacerencancun\/wp-json\/wp\/v2\/pages\/29222\/revisions\/30489"}],"wp:attachment":[{"href":"https:\/\/www.mycancuntours.com.mx\/quehacerencancun\/wp-json\/wp\/v2\/media?parent=29222"}],"curies":[{"name":"wp","href":"https:\/\/api.w.org\/{rel}","templated":true}]}}