{"id":29271,"date":"2020-05-23T04:40:13","date_gmt":"2020-05-23T04:40:13","guid":{"rendered":"https:\/\/quehacerencancun.mycancuntours.com.mx\/?page_id=29271"},"modified":"2021-10-04T23:18:51","modified_gmt":"2021-10-04T23:18:51","slug":"las-coloradas","status":"publish","type":"page","link":"https:\/\/www.mycancuntours.com.mx\/quehacerencancun\/las-coloradas\/","title":{"rendered":"Las Coloradas"},"content":{"rendered":"[vc_row][vc_column][vc_column_text]Cada d\u00eda m\u00e1s gente llega a visitar <strong>Las Coloradas en Yucat\u00e1n<\/strong>, ya que puedes encontrar un paisaje de biodiversidad gracias su flora, fauna y sus playas aun v\u00edrgenes.<\/p>\n<p>Una de las cosas que m\u00e1s llama la atenci\u00f3n de muchos turistas es que el mar color rosa y eso se debe a la alta concentraci\u00f3n de microorganismos y la sal que contiene. Algunas personas optan por visitar Bolivia para ver los espejos de sal otros prefieren viajar a \u00c1frica para ver una laguna rosa pero aqu\u00ed en las coloradas puedes ver ambas.<br \/>\nVis\u00edtalas en un <a href=\"https:\/\/www.mycancuntours.com.mx\/tours-privados\/tour-privado-coloradas\/informacion\">Tour Privado<\/a><\/p>\n<p><a href=\"https:\/\/www.mycancuntours.com.mx\/tours-privados\/tour-privado-coloradas\/informacion\"><img loading=\"lazy\" class=\"aligncenter wp-image-30472 size-full\" src=\"https:\/\/www.mycancuntours.com.mx\/quehacerencancun\/wp-content\/uploads\/2021\/10\/Privatelascoloradas.jpg\" alt=\"Tour Privado a Las Coloradas\" width=\"573\" height=\"248\" srcset=\"https:\/\/www.mycancuntours.com.mx\/quehacerencancun\/wp-content\/uploads\/2021\/10\/Privatelascoloradas.jpg 573w, https:\/\/www.mycancuntours.com.mx\/quehacerencancun\/wp-content\/uploads\/2021\/10\/Privatelascoloradas-300x130.jpg 300w\" sizes=\"(max-width: 573px) 100vw, 573px\" \/><\/a>[\/vc_column_text][\/vc_column][\/vc_row][vc_row css=&#8221;.vc_custom_1590016487368{margin-bottom: 0px !important;}&#8221;][vc_column css=&#8221;.vc_custom_1590016867459{margin-bottom: 0px !important;padding-bottom: 0px !important;}&#8221; offset=&#8221;vc_col-lg-offset-0&#8243;]<div class=\"preloader\"><div class=\"preloader-spin\"><\/div><\/div><div class=\"blog blog-style-3x clearfix blog-style-masonry item-animation-move-up\" data-next-page=\"0\">\n<article id=\"post-29357\" class=\"col-lg-4 col-md-4 col-sm-6 col-xs-6 item-animations-not-inited post-29357 post type-post status-publish format-standard has-post-thumbnail category-lascoloradas\"> <div class=\"post-image\"><div class=\"post-featured-content\"><a href=\"https:\/\/www.mycancuntours.com.mx\/quehacerencancun\/que-hacer-en-las-coloradas\/\"> <picture> <source srcset=\"https:\/\/www.mycancuntours.com.mx\/quehacerencancun\/wp-content\/uploads\/2020\/08\/33079290194_8f746c158a_c-thegem-blog-masonry.jpg 1x, https:\/\/www.mycancuntours.com.mx\/quehacerencancun\/wp-content\/uploads\/2020\/08\/33079290194_8f746c158a_c-thegem-blog-masonry.jpg 2x\" media=\"(max-width: 600px)\" sizes=\"100vw\"> <source srcset=\"https:\/\/www.mycancuntours.com.mx\/quehacerencancun\/wp-content\/uploads\/2020\/08\/33079290194_8f746c158a_c-thegem-blog-masonry-100-medium.jpg 1x, https:\/\/www.mycancuntours.com.mx\/quehacerencancun\/wp-content\/uploads\/2020\/08\/33079290194_8f746c158a_c-thegem-blog-masonry.jpg 2x\" media=\"(max-width: 992px)\" sizes=\"100vw\"> <source srcset=\"https:\/\/www.mycancuntours.com.mx\/quehacerencancun\/wp-content\/uploads\/2020\/08\/33079290194_8f746c158a_c-thegem-blog-masonry-100.jpg 1x, https:\/\/www.mycancuntours.com.mx\/quehacerencancun\/wp-content\/uploads\/2020\/08\/33079290194_8f746c158a_c-thegem-blog-masonry.jpg 2x\" media=\"(max-width: 1920px)\" sizes=\"100vw\"> <img src=\"https:\/\/www.mycancuntours.com.mx\/quehacerencancun\/wp-content\/uploads\/2020\/08\/33079290194_8f746c158a_c-thegem-blog-masonry.jpg\" width=\"640\" height=\"427\" class=\"img-responsive\" alt=\"33079290194_8f746c158a_c\" \/> <\/picture> <\/a><\/div><\/div> <div class=\"description\"> <div class=\"post-meta-conteiner\"> <span class=\"post-meta-author\">By MCT Social<\/span> <div class=\"post-meta-right\"> <span class=\"post-meta-likes\"><a href=\"#\" class=\"zilla-likes\" id=\"zilla-likes-29357\" title=\"Like this\"><span class=\"zilla-likes-count\">10<\/span> <span class=\"zilla-likes-postfix\"><\/span><\/a><\/span> <\/div> <\/div> <div class=\"post-title\"> <div class=\"entry-title title-h4\"><a href=\"https:\/\/www.mycancuntours.com.mx\/quehacerencancun\/que-hacer-en-las-coloradas\/\" rel=\"bookmark\">03 Ago: <span class=\"light\">\u00bfQu\u00e9 hacer en Las Coloradas?<\/span><\/a><\/div> <\/div> <div class=\"post-text\"> <div class=\"summary\"> <p>Este para\u00edso de color rosa se encuentran en el litoral norte de la Pen\u00ednsula de Yucat\u00e1n. En la zona salinera\u00a0y&#8230;<\/p> <\/div> <\/div> <div class=\"info clearfix\"> <div class=\"post-footer-sharing\"><div class=\"gem-button-container gem-button-position-inline\"><a class=\"gem-button gem-button-size-tiny gem-button-style-flat gem-button-text-weight-normal gem-button-empty\" style=\"border-radius: 3px;\" onmouseleave=\"\" onmouseenter=\"\" href=\"#\" target=\"_self\"><i class=\"gem-print-icon gem-icon-pack-thegem-icons gem-icon-share\"><\/i><\/a><\/div> <div class=\"sharing-popup\">\n<div class=\"socials-sharing socials socials-colored-hover \"> <a class=\"socials-item\" target=\"_blank\" href=\"https:\/\/www.facebook.com\/sharer\/sharer.php?u=https%3A%2F%2Fwww.mycancuntours.com.mx%2Fquehacerencancun%2Fque-hacer-en-las-coloradas%2F\" title=\"Facebook\"><i class=\"socials-item-icon facebook\"><\/i><\/a> <a class=\"socials-item\" target=\"_blank\" href=\"https:\/\/twitter.com\/intent\/tweet?text=%C2%BFQu%C3%A9+hacer+en+Las+Coloradas%3F&#038;url=https%3A%2F%2Fwww.mycancuntours.com.mx%2Fquehacerencancun%2Fque-hacer-en-las-coloradas%2F\" title=\"Twitter\"><i class=\"socials-item-icon twitter\"><\/i><\/a> <a class=\"socials-item\" target=\"_blank\" href=\"https:\/\/pinterest.com\/pin\/create\/button\/?url=https%3A%2F%2Fwww.mycancuntours.com.mx%2Fquehacerencancun%2Fque-hacer-en-las-coloradas%2F&#038;description=%C2%BFQu%C3%A9+hacer+en+Las+Coloradas%3F&#038;media=https%3A%2F%2Fwww.mycancuntours.com.mx%2Fquehacerencancun%2Fwp-content%2Fuploads%2F2020%2F08%2F33079290194_8f746c158a_c-thegem-blog-timeline-large.jpg\" title=\"Pinterest\"><i class=\"socials-item-icon pinterest\"><\/i><\/a> <a class=\"socials-item\" target=\"_blank\" href=\"http:\/\/tumblr.com\/widgets\/share\/tool?canonicalUrl=https%3A%2F%2Fwww.mycancuntours.com.mx%2Fquehacerencancun%2Fque-hacer-en-las-coloradas%2F\" title=\"Tumblr\"><i class=\"socials-item-icon tumblr\"><\/i><\/a> <a class=\"socials-item\" target=\"_blank\" href=\"https:\/\/www.linkedin.com\/shareArticle?mini=true&#038;url=https%3A%2F%2Fwww.mycancuntours.com.mx%2Fquehacerencancun%2Fque-hacer-en-las-coloradas%2F&#038;title=%C2%BFQu%C3%A9+hacer+en+Las+Coloradas%3F&amp;summary=Este+para%C3%ADso+de+color+rosa+se+encuentran+en+el+litoral+norte+de+la+Pen%C3%ADnsula+de+Yucat%C3%A1n.+En+la+zona+salinera%C2%A0y...\" title=\"LinkedIn\"><i class=\"socials-item-icon linkedin\"><\/i><\/a> <a class=\"socials-item\" target=\"_blank\" href=\"https:\/\/www.reddit.com\/submit?url=https%3A%2F%2Fwww.mycancuntours.com.mx%2Fquehacerencancun%2Fque-hacer-en-las-coloradas%2F&#038;title=%C2%BFQu%C3%A9+hacer+en+Las+Coloradas%3F\" title=\"Reddit\"><i class=\"socials-item-icon reddit\"><\/i><\/a>\n<\/div>\n<svg class=\"sharing-styled-arrow\"><use xlink:href=\"https:\/\/www.mycancuntours.com.mx\/quehacerencancun\/wp-content\/themes\/thegem\/css\/post-arrow.svg#dec-post-arrow\"><\/use><\/svg><\/div><\/div> <div class=\"post-read-more\"><div class=\"gem-button-container gem-button-position-inline\"><a class=\"gem-button gem-button-size-tiny gem-button-style-outline gem-button-text-weight-normal gem-button-border-2\" style=\"border-radius: 3px;\" onmouseleave=\"\" onmouseenter=\"\" href=\"https:\/\/www.mycancuntours.com.mx\/quehacerencancun\/que-hacer-en-las-coloradas\/\" target=\"_self\">Read More<\/a><\/div> <\/div> <\/div> <\/div> <\/article>\n<\/div>[\/vc_column][\/vc_row][vc_row][vc_column][vc_column_text]\n<h2>\u00bfC\u00f3mo llegar a Las Coloradas?<\/h2>\n<p>Otro detalle importante de <strong>Las Coloradas<\/strong> es que existen varios caminos para llegar, como puede ser <a href=\"https:\/\/www.mycancuntours.com.mx\/\">Canc\u00fan<\/a> o <a href=\"https:\/\/www.mycancuntours.com.mx\/cancun\/tour-experiencias\">Riviera maya<\/a>, y en el camino podr\u00e1s ver distintas ciudades que fueron fundadas por espa\u00f1oles as\u00ed mismo te encontraras con muchos<a href=\"https:\/\/www.mycancuntours.com.mx\/cenotes-tours\/tour-excursiones\"> cenotes<\/a> de agua cristalina, conventos y <a href=\"https:\/\/www.mycancuntours.com.mx\/chichen-itza-tours\/tour-excursiones\">sitios arqueol\u00f3gicos.<\/a><\/p>\n<p>As\u00ed que no solamente veras las coloradas si no tambi\u00e9n conocer\u00e1n poco de la interesante historia de la pen\u00ednsula de Yucat\u00e1n esto har\u00e1 que tu viaje sea inolvidable.<\/p>\n<h3>Un pueblo m\u00e1gico<\/h3>\n<p>Es un pueblo peque\u00f1o donde la mayor\u00eda de sus habitantes son pescadores, por tanto, <strong>el hospedaje es muy escaso<\/strong>.\u00a0Sin embargo, en un d\u00eda de visita a la playa hay muchas actividades que puedes hacer.<strong>\u00a0<\/strong>Hay muy<strong> pocos restaurantes<\/strong>, as\u00ed como lugares p\u00fablicos para comprar comida, puedes conocer amigos de los habitantes y quiz\u00e1s ellos puedan preparar algo para ti, no hay nada mejor que degustar una comida t\u00edpica de la zona hecha de la mano de sus pobladores.<\/p>\n<p>Para movilizarte en este poblado podr\u00e1s hacerlo caminando o en carro, ya que el lugar es muy peque\u00f1o y por tanto no hay inconveniente para dirigirse de un lugar a otro.<\/p>\n<h3>Un TOUR MUY POPULAR<\/h3>\n<p>Muchos turistas de todo el mundo vienen a <a href=\"https:\/\/www.mycancuntours.com.mx\/informacion-general\/promos-cancuntours\">Canc\u00fan<\/a> preguntando por este hermoso lugar. Sin embargo, lo que a veces desconocen es la distancia y la ubicaci\u00f3n. Es por eso que aqu\u00ed tienes algunos de los puntos importantes que debes considerar si deseas visitar este hermoso lugar.<\/p>\n<h3>LOS LAGOS ROSADOS<\/h3>\n<p>En <strong>Las Coloradas<\/strong> tambi\u00e9n puedes disfrutar de sus dunas de arena que le dan un toque \u00fanico en todo el camino. Adem\u00e1s, no te puedes perder las <strong>monta\u00f1as de sal<\/strong> y su imponente color blanco que seguro querr\u00e1s hacerte la foto para compartir. Una vez que est\u00e9 en el puerto, se encontrar\u00e1 con algunos lugare\u00f1os que le ofrecer\u00e1n acceso a la mina de sal; es la \u00fanica forma en que puede hacerlo. El costo es de $ 50 pesos por persona e incluye una breve explicaci\u00f3n del lugar. Los estanques rosas son propiedad privada de la industria salinera de la pen\u00ednsula de Yucat\u00e1n creada en 1946. Reserva un <a href=\"https:\/\/www.mycancuntours.com.mx\/tours-privados\/tour-privado-coloradas\/informacion\">Tour Privado<\/a> y conoce los Lagos Rosas.<\/p>\n<h3>LA MEJOR TEMPORADA<\/h3>\n<p>La mejor \u00e9poca para disfrutar de las playas de este puerto es visitarlo entre marzo y agosto, ya que en estos meses es cuando hay m\u00e1s calor y sol. Para encontrar aguas rosadas, lo ideal es visitarla al mediod\u00eda, justo cuando el sol golpea de lleno la laguna y maximiza el color rosa de estas. Adem\u00e1s de lo anterior, tambi\u00e9n coincide que esos meses son la mejor \u00e9poca para <strong>avistar flamencos<\/strong>.[\/vc_column_text][\/vc_column][\/vc_row][vc_row][vc_column][vc_column_text]<a href=\"https:\/\/www.mycancuntours.com.mx\/tours-privados\/tour-privado-coloradas\/informacion\"><img loading=\"lazy\" class=\"aligncenter wp-image-30472 size-full\" src=\"https:\/\/www.mycancuntours.com.mx\/quehacerencancun\/wp-content\/uploads\/2021\/10\/Privatelascoloradas.jpg\" alt=\"Tour Privado a Las Coloradas\" width=\"573\" height=\"248\" srcset=\"https:\/\/www.mycancuntours.com.mx\/quehacerencancun\/wp-content\/uploads\/2021\/10\/Privatelascoloradas.jpg 573w, https:\/\/www.mycancuntours.com.mx\/quehacerencancun\/wp-content\/uploads\/2021\/10\/Privatelascoloradas-300x130.jpg 300w\" sizes=\"(max-width: 573px) 100vw, 573px\" \/><\/a>[\/vc_column_text][\/vc_column][\/vc_row][vc_row][vc_column][vc_gmaps link=&#8221;#E-8_JTNDaWZyYW1lJTIwc3JjJTNEJTIyaHR0cHMlM0ElMkYlMkZ3d3cuZ29vZ2xlLmNvbSUyRm1hcHMlMkZlbWJlZCUzRnBiJTNEJTIxMW0xOCUyMTFtMTIlMjExbTMlMjExZDE0MjcwNjAuODc1MTA4NzkxNyUyMTJkLTg4Ljg4MDM3NTMwMDAwMTMlMjEzZDIxLjE1Njg0Njk3MTU1NDc2NyUyMTJtMyUyMTFmMCUyMTJmMCUyMTNmMCUyMTNtMiUyMTFpMTAyNCUyMTJpNzY4JTIxNGYxMy4xJTIxM20zJTIxMW0yJTIxMXMweDhmNTI0NTBhYzM4ZDA1YzUlMjUzQTB4ZWZhNmM4MmYwZjA5YzcxNSUyMTJzVGhlJTI1MjBDb2xvcmFkYXMlMjUyQyUyNTIwWXVjLiUyMTVlMCUyMTNtMiUyMTFzZXMlMjEyc214JTIxNHYxNjMzMzgzNTg4NzIxJTIxNW0yJTIxMXNlcyUyMTJzbXglMjIlMjB3aWR0aCUzRCUyMjYwMCUyMiUyMGhlaWdodCUzRCUyMjQ1MCUyMiUyMHN0eWxlJTNEJTIyYm9yZGVyJTNBMCUzQiUyMiUyMGFsbG93ZnVsbHNjcmVlbiUzRCUyMiUyMiUyMGxvYWRpbmclM0QlMjJsYXp5JTIyJTNFJTNDJTJGaWZyYW1lJTNF&#8221; title=&#8221;\u00bfD\u00f3nde est\u00e1n Las Coloradas?&#8221;][\/vc_column][\/vc_row]\n","protected":false},"excerpt":{"rendered":"<p>[vc_row][vc_column][vc_column_text]Cada d\u00eda m\u00e1s gente llega a visitar Las Coloradas en Yucat\u00e1n, ya que puedes encontrar un paisaje de biodiversidad gracias&#8230;<\/p>\n","protected":false},"author":8,"featured_media":0,"parent":0,"menu_order":0,"comment_status":"closed","ping_status":"closed","template":"","meta":[],"yoast_head":"<!-- This site is optimized with the Yoast SEO plugin v17.8 - https:\/\/yoast.com\/wordpress\/plugins\/seo\/ -->\r\n<title>\u00bfQu\u00e9 hacer en Las Coloradas? - Mejores recomendaciones<\/title>\r\n<meta name=\"description\" content=\"Te compartimos las mejores recomendaciones para llegar a Las Coloradas y tomarte las mejores selfies para tus redes sociales.\" \/>\r\n<meta name=\"robots\" content=\"index, follow, max-snippet:-1, max-image-preview:large, max-video-preview:-1\" \/>\r\n<link rel=\"canonical\" href=\"https:\/\/www.mycancuntours.com.mx\/quehacerencancun\/las-coloradas\/\" \/>\r\n<meta property=\"og:locale\" content=\"es_MX\" \/>\r\n<meta property=\"og:type\" content=\"article\" \/>\r\n<meta property=\"og:title\" content=\"\u00bfQu\u00e9 hacer en Las Coloradas? - Mejores recomendaciones\" \/>\r\n<meta property=\"og:description\" content=\"Te compartimos las mejores recomendaciones para llegar a Las Coloradas y tomarte las mejores selfies para tus redes sociales.\" \/>\r\n<meta property=\"og:url\" content=\"https:\/\/www.mycancuntours.com.mx\/quehacerencancun\/las-coloradas\/\" \/>\r\n<meta property=\"og:site_name\" content=\"Que Hacer en Cancun\" \/>\r\n<meta property=\"article:publisher\" content=\"https:\/\/www.facebook.com\/mycancuntours\" \/>\r\n<meta property=\"article:modified_time\" content=\"2021-10-04T23:18:51+00:00\" \/>\r\n<meta property=\"og:image\" content=\"https:\/\/www.mycancuntours.com.mx\/quehacerencancun\/wp-content\/uploads\/2021\/10\/Privatelascoloradas.jpg\" \/>\r\n<meta name=\"twitter:card\" content=\"summary_large_image\" \/>\r\n<meta name=\"twitter:site\" content=\"@mycancuntours\" \/>\r\n<meta name=\"twitter:label1\" content=\"Tiempo de lectura\" \/>\n\t<meta name=\"twitter:data1\" content=\"3 minutos\" \/>\r\n<script type=\"application\/ld+json\" class=\"yoast-schema-graph\">{\"@context\":\"https:\/\/schema.org\",\"@graph\":[{\"@type\":\"Organization\",\"@id\":\"https:\/\/www.mycancuntours.com.mx\/quehacerencancun\/#organization\",\"name\":\"MyCancunTours\",\"url\":\"https:\/\/www.mycancuntours.com.mx\/quehacerencancun\/\",\"sameAs\":[\"https:\/\/www.facebook.com\/mycancuntours\",\"https:\/\/www.instagram.com\/mycancuntours\/\",\"https:\/\/www.youtube.com\/user\/mycancuntours\",\"https:\/\/www.pinterest.com.mx\/mycancuntours\",\"https:\/\/twitter.com\/mycancuntours\"],\"logo\":{\"@type\":\"ImageObject\",\"@id\":\"https:\/\/www.mycancuntours.com.mx\/quehacerencancun\/#logo\",\"inLanguage\":\"es-MX\",\"url\":\"https:\/\/www.mycancuntours.com.mx\/quehacerencancun\/wp-content\/uploads\/2020\/04\/mycancuntours-18anos.png\",\"contentUrl\":\"https:\/\/www.mycancuntours.com.mx\/quehacerencancun\/wp-content\/uploads\/2020\/04\/mycancuntours-18anos.png\",\"width\":200,\"height\":47,\"caption\":\"MyCancunTours\"},\"image\":{\"@id\":\"https:\/\/www.mycancuntours.com.mx\/quehacerencancun\/#logo\"}},{\"@type\":\"WebSite\",\"@id\":\"https:\/\/www.mycancuntours.com.mx\/quehacerencancun\/#website\",\"url\":\"https:\/\/www.mycancuntours.com.mx\/quehacerencancun\/\",\"name\":\"Que Hacer en Cancun\",\"description\":\"Viaja como local con MyCancunTours\",\"publisher\":{\"@id\":\"https:\/\/www.mycancuntours.com.mx\/quehacerencancun\/#organization\"},\"potentialAction\":[{\"@type\":\"SearchAction\",\"target\":{\"@type\":\"EntryPoint\",\"urlTemplate\":\"https:\/\/www.mycancuntours.com.mx\/quehacerencancun\/?s={search_term_string}\"},\"query-input\":\"required name=search_term_string\"}],\"inLanguage\":\"es-MX\"},{\"@type\":\"ImageObject\",\"@id\":\"https:\/\/www.mycancuntours.com.mx\/quehacerencancun\/las-coloradas\/#primaryimage\",\"inLanguage\":\"es-MX\",\"url\":\"https:\/\/www.mycancuntours.com.mx\/quehacerencancun\/wp-content\/uploads\/2021\/10\/Privatelascoloradas.jpg\",\"contentUrl\":\"https:\/\/www.mycancuntours.com.mx\/quehacerencancun\/wp-content\/uploads\/2021\/10\/Privatelascoloradas.jpg\",\"width\":573,\"height\":248,\"caption\":\"Tour Privado a Las Coloradas\"},{\"@type\":\"WebPage\",\"@id\":\"https:\/\/www.mycancuntours.com.mx\/quehacerencancun\/las-coloradas\/#webpage\",\"url\":\"https:\/\/www.mycancuntours.com.mx\/quehacerencancun\/las-coloradas\/\",\"name\":\"\\u00bfQu\\u00e9 hacer en Las Coloradas? - Mejores recomendaciones\",\"isPartOf\":{\"@id\":\"https:\/\/www.mycancuntours.com.mx\/quehacerencancun\/#website\"},\"primaryImageOfPage\":{\"@id\":\"https:\/\/www.mycancuntours.com.mx\/quehacerencancun\/las-coloradas\/#primaryimage\"},\"datePublished\":\"2020-05-23T04:40:13+00:00\",\"dateModified\":\"2021-10-04T23:18:51+00:00\",\"description\":\"Te compartimos las mejores recomendaciones para llegar a Las Coloradas y tomarte las mejores selfies para tus redes sociales.\",\"breadcrumb\":{\"@id\":\"https:\/\/www.mycancuntours.com.mx\/quehacerencancun\/las-coloradas\/#breadcrumb\"},\"inLanguage\":\"es-MX\",\"potentialAction\":[{\"@type\":\"ReadAction\",\"target\":[\"https:\/\/www.mycancuntours.com.mx\/quehacerencancun\/las-coloradas\/\"]}]},{\"@type\":\"BreadcrumbList\",\"@id\":\"https:\/\/www.mycancuntours.com.mx\/quehacerencancun\/las-coloradas\/#breadcrumb\",\"itemListElement\":[{\"@type\":\"ListItem\",\"position\":1,\"name\":\"Inicio\",\"item\":\"https:\/\/www.mycancuntours.com.mx\/quehacerencancun\/\"},{\"@type\":\"ListItem\",\"position\":2,\"name\":\"Las Coloradas\"}]}]}<\/script>\r\n<!-- \/ Yoast SEO plugin. -->","yoast_head_json":{"title":"\u00bfQu\u00e9 hacer en Las Coloradas? - Mejores recomendaciones","description":"Te compartimos las mejores recomendaciones para llegar a Las Coloradas y tomarte las mejores selfies para tus redes sociales.","robots":{"index":"index","follow":"follow","max-snippet":"max-snippet:-1","max-image-preview":"max-image-preview:large","max-video-preview":"max-video-preview:-1"},"canonical":"https:\/\/www.mycancuntours.com.mx\/quehacerencancun\/las-coloradas\/","og_locale":"es_MX","og_type":"article","og_title":"\u00bfQu\u00e9 hacer en Las Coloradas? - Mejores recomendaciones","og_description":"Te compartimos las mejores recomendaciones para llegar a Las Coloradas y tomarte las mejores selfies para tus redes sociales.","og_url":"https:\/\/www.mycancuntours.com.mx\/quehacerencancun\/las-coloradas\/","og_site_name":"Que Hacer en Cancun","article_publisher":"https:\/\/www.facebook.com\/mycancuntours","article_modified_time":"2021-10-04T23:18:51+00:00","og_image":[{"url":"https:\/\/www.mycancuntours.com.mx\/quehacerencancun\/wp-content\/uploads\/2021\/10\/Privatelascoloradas.jpg"}],"twitter_card":"summary_large_image","twitter_site":"@mycancuntours","twitter_misc":{"Tiempo de lectura":"3 minutos"},"schema":{"@context":"https:\/\/schema.org","@graph":[{"@type":"Organization","@id":"https:\/\/www.mycancuntours.com.mx\/quehacerencancun\/#organization","name":"MyCancunTours","url":"https:\/\/www.mycancuntours.com.mx\/quehacerencancun\/","sameAs":["https:\/\/www.facebook.com\/mycancuntours","https:\/\/www.instagram.com\/mycancuntours\/","https:\/\/www.youtube.com\/user\/mycancuntours","https:\/\/www.pinterest.com.mx\/mycancuntours","https:\/\/twitter.com\/mycancuntours"],"logo":{"@type":"ImageObject","@id":"https:\/\/www.mycancuntours.com.mx\/quehacerencancun\/#logo","inLanguage":"es-MX","url":"https:\/\/www.mycancuntours.com.mx\/quehacerencancun\/wp-content\/uploads\/2020\/04\/mycancuntours-18anos.png","contentUrl":"https:\/\/www.mycancuntours.com.mx\/quehacerencancun\/wp-content\/uploads\/2020\/04\/mycancuntours-18anos.png","width":200,"height":47,"caption":"MyCancunTours"},"image":{"@id":"https:\/\/www.mycancuntours.com.mx\/quehacerencancun\/#logo"}},{"@type":"WebSite","@id":"https:\/\/www.mycancuntours.com.mx\/quehacerencancun\/#website","url":"https:\/\/www.mycancuntours.com.mx\/quehacerencancun\/","name":"Que Hacer en Cancun","description":"Viaja como local con MyCancunTours","publisher":{"@id":"https:\/\/www.mycancuntours.com.mx\/quehacerencancun\/#organization"},"potentialAction":[{"@type":"SearchAction","target":{"@type":"EntryPoint","urlTemplate":"https:\/\/www.mycancuntours.com.mx\/quehacerencancun\/?s={search_term_string}"},"query-input":"required name=search_term_string"}],"inLanguage":"es-MX"},{"@type":"ImageObject","@id":"https:\/\/www.mycancuntours.com.mx\/quehacerencancun\/las-coloradas\/#primaryimage","inLanguage":"es-MX","url":"https:\/\/www.mycancuntours.com.mx\/quehacerencancun\/wp-content\/uploads\/2021\/10\/Privatelascoloradas.jpg","contentUrl":"https:\/\/www.mycancuntours.com.mx\/quehacerencancun\/wp-content\/uploads\/2021\/10\/Privatelascoloradas.jpg","width":573,"height":248,"caption":"Tour Privado a Las Coloradas"},{"@type":"WebPage","@id":"https:\/\/www.mycancuntours.com.mx\/quehacerencancun\/las-coloradas\/#webpage","url":"https:\/\/www.mycancuntours.com.mx\/quehacerencancun\/las-coloradas\/","name":"\u00bfQu\u00e9 hacer en Las Coloradas? - Mejores recomendaciones","isPartOf":{"@id":"https:\/\/www.mycancuntours.com.mx\/quehacerencancun\/#website"},"primaryImageOfPage":{"@id":"https:\/\/www.mycancuntours.com.mx\/quehacerencancun\/las-coloradas\/#primaryimage"},"datePublished":"2020-05-23T04:40:13+00:00","dateModified":"2021-10-04T23:18:51+00:00","description":"Te compartimos las mejores recomendaciones para llegar a Las Coloradas y tomarte las mejores selfies para tus redes sociales.","breadcrumb":{"@id":"https:\/\/www.mycancuntours.com.mx\/quehacerencancun\/las-coloradas\/#breadcrumb"},"inLanguage":"es-MX","potentialAction":[{"@type":"ReadAction","target":["https:\/\/www.mycancuntours.com.mx\/quehacerencancun\/las-coloradas\/"]}]},{"@type":"BreadcrumbList","@id":"https:\/\/www.mycancuntours.com.mx\/quehacerencancun\/las-coloradas\/#breadcrumb","itemListElement":[{"@type":"ListItem","position":1,"name":"Inicio","item":"https:\/\/www.mycancuntours.com.mx\/quehacerencancun\/"},{"@type":"ListItem","position":2,"name":"Las Coloradas"}]}]}},"_links":{"self":[{"href":"https:\/\/www.mycancuntours.com.mx\/quehacerencancun\/wp-json\/wp\/v2\/pages\/29271"}],"collection":[{"href":"https:\/\/www.mycancuntours.com.mx\/quehacerencancun\/wp-json\/wp\/v2\/pages"}],"about":[{"href":"https:\/\/www.mycancuntours.com.mx\/quehacerencancun\/wp-json\/wp\/v2\/types\/page"}],"author":[{"embeddable":true,"href":"https:\/\/www.mycancuntours.com.mx\/quehacerencancun\/wp-json\/wp\/v2\/users\/8"}],"replies":[{"embeddable":true,"href":"https:\/\/www.mycancuntours.com.mx\/quehacerencancun\/wp-json\/wp\/v2\/comments?post=29271"}],"version-history":[{"count":7,"href":"https:\/\/www.mycancuntours.com.mx\/quehacerencancun\/wp-json\/wp\/v2\/pages\/29271\/revisions"}],"predecessor-version":[{"id":30475,"href":"https:\/\/www.mycancuntours.com.mx\/quehacerencancun\/wp-json\/wp\/v2\/pages\/29271\/revisions\/30475"}],"wp:attachment":[{"href":"https:\/\/www.mycancuntours.com.mx\/quehacerencancun\/wp-json\/wp\/v2\/media?parent=29271"}],"curies":[{"name":"wp","href":"https:\/\/api.w.org\/{rel}","templated":true}]}}