{"id":29273,"date":"2020-05-23T04:42:53","date_gmt":"2020-05-23T04:42:53","guid":{"rendered":"https:\/\/quehacerencancun.mycancuntours.com.mx\/?page_id=29273"},"modified":"2023-04-26T23:49:22","modified_gmt":"2023-04-26T23:49:22","slug":"isla-contoy","status":"publish","type":"page","link":"https:\/\/www.mycancuntours.com.mx\/quehacerencancun\/isla-contoy\/","title":{"rendered":"Isla Contoy"},"content":{"rendered":"[vc_row][vc_column][vc_column_text]Todo mundo sabe que el Mar Caribe mexicano est\u00e1 lleno de bellezas naturales, sin embargo, desconocen<strong> Isla Contoy<\/strong>, sobre todo cuando se trata de las playas y es habitual que el hombre admire esa belleza natural. <a href=\"https:\/\/www.mycancuntours.com.mx\/cancun\/tour-islacontoy\/informacion\">Desde Canc\u00fan<\/a> a\u00fan se puede visitar varios lugares que a\u00fan mantienen ese encanto puro y que invitan a conocer los incre\u00edbles lugares que hay en el Caribe con todo su esplendor. <a href=\"https:\/\/www.mycancuntours.com.mx\/cancun\/tour-islacontoy\/informacion\">Visita esta Isla Desde Canc\u00fan.<\/a>[\/vc_column_text][\/vc_column][\/vc_row][vc_row][vc_column][vc_single_image image=&#8221;30376&#8243; img_size=&#8221;large&#8221; alignment=&#8221;center&#8221; onclick=&#8221;custom_link&#8221; link=&#8221;https:\/\/www.mycancuntours.com.mx\/cancun\/tour-islacontoy\/informacion&#8221;][\/vc_column][\/vc_row][vc_row css=&#8221;.vc_custom_1590016487368{margin-bottom: 0px !important;}&#8221;][vc_column css=&#8221;.vc_custom_1590016867459{margin-bottom: 0px !important;padding-bottom: 0px !important;}&#8221; offset=&#8221;vc_col-lg-offset-0&#8243;]<div class=\"preloader\"><div class=\"preloader-spin\"><\/div><\/div><div class=\"blog blog-style-3x clearfix blog-style-masonry item-animation-move-up\" data-next-page=\"0\">\n<article id=\"post-30374\" class=\"col-lg-4 col-md-4 col-sm-6 col-xs-6 item-animations-not-inited post-30374 post type-post status-publish format-standard has-post-thumbnail category-islacontoy\"> <div class=\"post-image\"><div class=\"post-featured-content\"><a href=\"https:\/\/www.mycancuntours.com.mx\/quehacerencancun\/como-llegar-a-isla-contoy-mexico\/\"> <picture> <source srcset=\"https:\/\/www.mycancuntours.com.mx\/quehacerencancun\/wp-content\/uploads\/2021\/09\/playa-contoy-thegem-blog-masonry.jpg 1x, https:\/\/www.mycancuntours.com.mx\/quehacerencancun\/wp-content\/uploads\/2021\/09\/playa-contoy-thegem-blog-masonry.jpg 2x\" media=\"(max-width: 600px)\" sizes=\"100vw\"> <source srcset=\"https:\/\/www.mycancuntours.com.mx\/quehacerencancun\/wp-content\/uploads\/2021\/09\/playa-contoy-thegem-blog-masonry-100-medium.jpg 1x, https:\/\/www.mycancuntours.com.mx\/quehacerencancun\/wp-content\/uploads\/2021\/09\/playa-contoy-thegem-blog-masonry.jpg 2x\" media=\"(max-width: 992px)\" sizes=\"100vw\"> <source srcset=\"https:\/\/www.mycancuntours.com.mx\/quehacerencancun\/wp-content\/uploads\/2021\/09\/playa-contoy-thegem-blog-masonry-100.jpg 1x, https:\/\/www.mycancuntours.com.mx\/quehacerencancun\/wp-content\/uploads\/2021\/09\/playa-contoy-thegem-blog-masonry.jpg 2x\" media=\"(max-width: 1920px)\" sizes=\"100vw\"> <img src=\"https:\/\/www.mycancuntours.com.mx\/quehacerencancun\/wp-content\/uploads\/2021\/09\/playa-contoy-thegem-blog-masonry.jpg\" width=\"640\" height=\"426\" class=\"img-responsive\" alt=\"playa de isla contoy\" \/> <\/picture> <\/a><\/div><\/div> <div class=\"description\"> <div class=\"post-meta-conteiner\"> <span class=\"post-meta-author\">By MCT Social<\/span> <div class=\"post-meta-right\"> <span class=\"post-meta-likes\"><a href=\"#\" class=\"zilla-likes\" id=\"zilla-likes-30374\" title=\"Like this\"><span class=\"zilla-likes-count\">20<\/span> <span class=\"zilla-likes-postfix\"><\/span><\/a><\/span> <\/div> <\/div> <div class=\"post-title\"> <div class=\"entry-title title-h4\"><a href=\"https:\/\/www.mycancuntours.com.mx\/quehacerencancun\/como-llegar-a-isla-contoy-mexico\/\" rel=\"bookmark\">07 Sep: <span class=\"light\">\u00bfC\u00f3mo llegar a Isla Contoy M\u00e9xico?<\/span><\/a><\/div> <\/div> <div class=\"post-text\"> <div class=\"summary\"> <p>Isla Contoy M\u00e9xico est\u00e1 ubicada a 30 km de la \u00ednsula (Isla Mujeres) y mide de largo 9 Km y&#8230;<\/p> <\/div> <\/div> <div class=\"info clearfix\"> <div class=\"post-footer-sharing\"><div class=\"gem-button-container gem-button-position-inline\"><a class=\"gem-button gem-button-size-tiny gem-button-style-flat gem-button-text-weight-normal gem-button-empty\" style=\"border-radius: 3px;\" onmouseleave=\"\" onmouseenter=\"\" href=\"#\" target=\"_self\"><i class=\"gem-print-icon gem-icon-pack-thegem-icons gem-icon-share\"><\/i><\/a><\/div> <div class=\"sharing-popup\">\n<div class=\"socials-sharing socials socials-colored-hover \"> <a class=\"socials-item\" target=\"_blank\" href=\"https:\/\/www.facebook.com\/sharer\/sharer.php?u=https%3A%2F%2Fwww.mycancuntours.com.mx%2Fquehacerencancun%2Fcomo-llegar-a-isla-contoy-mexico%2F\" title=\"Facebook\"><i class=\"socials-item-icon facebook\"><\/i><\/a> <a class=\"socials-item\" target=\"_blank\" href=\"https:\/\/twitter.com\/intent\/tweet?text=%C2%BFC%C3%B3mo+llegar+a+Isla+Contoy+M%C3%A9xico%3F&#038;url=https%3A%2F%2Fwww.mycancuntours.com.mx%2Fquehacerencancun%2Fcomo-llegar-a-isla-contoy-mexico%2F\" title=\"Twitter\"><i class=\"socials-item-icon twitter\"><\/i><\/a> <a class=\"socials-item\" target=\"_blank\" href=\"https:\/\/pinterest.com\/pin\/create\/button\/?url=https%3A%2F%2Fwww.mycancuntours.com.mx%2Fquehacerencancun%2Fcomo-llegar-a-isla-contoy-mexico%2F&#038;description=%C2%BFC%C3%B3mo+llegar+a+Isla+Contoy+M%C3%A9xico%3F&#038;media=https%3A%2F%2Fwww.mycancuntours.com.mx%2Fquehacerencancun%2Fwp-content%2Fuploads%2F2021%2F09%2Fplaya-contoy-thegem-blog-timeline-large.jpg\" title=\"Pinterest\"><i class=\"socials-item-icon pinterest\"><\/i><\/a> <a class=\"socials-item\" target=\"_blank\" href=\"http:\/\/tumblr.com\/widgets\/share\/tool?canonicalUrl=https%3A%2F%2Fwww.mycancuntours.com.mx%2Fquehacerencancun%2Fcomo-llegar-a-isla-contoy-mexico%2F\" title=\"Tumblr\"><i class=\"socials-item-icon tumblr\"><\/i><\/a> <a class=\"socials-item\" target=\"_blank\" href=\"https:\/\/www.linkedin.com\/shareArticle?mini=true&#038;url=https%3A%2F%2Fwww.mycancuntours.com.mx%2Fquehacerencancun%2Fcomo-llegar-a-isla-contoy-mexico%2F&#038;title=%C2%BFC%C3%B3mo+llegar+a+Isla+Contoy+M%C3%A9xico%3F&amp;summary=Isla+Contoy+M%C3%A9xico+est%C3%A1+ubicada+a+30+km+de+la+%C3%ADnsula+%28Isla+Mujeres%29+y+mide+de+largo+9+Km+y...\" title=\"LinkedIn\"><i class=\"socials-item-icon linkedin\"><\/i><\/a> <a class=\"socials-item\" target=\"_blank\" href=\"https:\/\/www.reddit.com\/submit?url=https%3A%2F%2Fwww.mycancuntours.com.mx%2Fquehacerencancun%2Fcomo-llegar-a-isla-contoy-mexico%2F&#038;title=%C2%BFC%C3%B3mo+llegar+a+Isla+Contoy+M%C3%A9xico%3F\" title=\"Reddit\"><i class=\"socials-item-icon reddit\"><\/i><\/a>\n<\/div>\n<svg class=\"sharing-styled-arrow\"><use xlink:href=\"https:\/\/www.mycancuntours.com.mx\/quehacerencancun\/wp-content\/themes\/thegem\/css\/post-arrow.svg#dec-post-arrow\"><\/use><\/svg><\/div><\/div> <div class=\"post-read-more\"><div class=\"gem-button-container gem-button-position-inline\"><a class=\"gem-button gem-button-size-tiny gem-button-style-outline gem-button-text-weight-normal gem-button-border-2\" style=\"border-radius: 3px;\" onmouseleave=\"\" onmouseenter=\"\" href=\"https:\/\/www.mycancuntours.com.mx\/quehacerencancun\/como-llegar-a-isla-contoy-mexico\/\" target=\"_self\">Read More<\/a><\/div> <\/div> <\/div> <\/div> <\/article> <article id=\"post-29507\" class=\"col-lg-4 col-md-4 col-sm-6 col-xs-6 item-animations-not-inited post-29507 post type-post status-publish format-standard has-post-thumbnail category-islacontoy\"> <div class=\"post-image\"><div class=\"post-featured-content\"><a href=\"https:\/\/www.mycancuntours.com.mx\/quehacerencancun\/isla-contoy-un-lugar-que-no-te-debes-de-perder-se-encuentra-muy-cerca-de-isla-mujeres-y-cancun\/\"> <picture> <source srcset=\"https:\/\/www.mycancuntours.com.mx\/quehacerencancun\/wp-content\/uploads\/2020\/08\/11438254505_e0bd5da56c_c-thegem-blog-masonry.jpg 1x, https:\/\/www.mycancuntours.com.mx\/quehacerencancun\/wp-content\/uploads\/2020\/08\/11438254505_e0bd5da56c_c-thegem-blog-masonry.jpg 2x\" media=\"(max-width: 600px)\" sizes=\"100vw\"> <source srcset=\"https:\/\/www.mycancuntours.com.mx\/quehacerencancun\/wp-content\/uploads\/2020\/08\/11438254505_e0bd5da56c_c-thegem-blog-masonry-100-medium.jpg 1x, https:\/\/www.mycancuntours.com.mx\/quehacerencancun\/wp-content\/uploads\/2020\/08\/11438254505_e0bd5da56c_c-thegem-blog-masonry.jpg 2x\" media=\"(max-width: 992px)\" sizes=\"100vw\"> <source srcset=\"https:\/\/www.mycancuntours.com.mx\/quehacerencancun\/wp-content\/uploads\/2020\/08\/11438254505_e0bd5da56c_c-thegem-blog-masonry-100.jpg 1x, https:\/\/www.mycancuntours.com.mx\/quehacerencancun\/wp-content\/uploads\/2020\/08\/11438254505_e0bd5da56c_c-thegem-blog-masonry.jpg 2x\" media=\"(max-width: 1920px)\" sizes=\"100vw\"> <img src=\"https:\/\/www.mycancuntours.com.mx\/quehacerencancun\/wp-content\/uploads\/2020\/08\/11438254505_e0bd5da56c_c-thegem-blog-masonry.jpg\" width=\"640\" height=\"424\" class=\"img-responsive\" alt=\"Muele rustico en la costa de Isla Contoy\" \/> <\/picture> <\/a><\/div><\/div> <div class=\"description\"> <div class=\"post-meta-conteiner\"> <span class=\"post-meta-author\">By MCT Social<\/span> <div class=\"post-meta-right\"> <span class=\"post-meta-likes\"><a href=\"#\" class=\"zilla-likes\" id=\"zilla-likes-29507\" title=\"Like this\"><span class=\"zilla-likes-count\">12<\/span> <span class=\"zilla-likes-postfix\"><\/span><\/a><\/span> <\/div> <\/div> <div class=\"post-title\"> <div class=\"entry-title title-h4\"><a href=\"https:\/\/www.mycancuntours.com.mx\/quehacerencancun\/isla-contoy-un-lugar-que-no-te-debes-de-perder-se-encuentra-muy-cerca-de-isla-mujeres-y-cancun\/\" rel=\"bookmark\">26 Ago: <span class=\"light\">Isla Contoy, un lugar para relajarse<\/span><\/a><\/div> <\/div> <div class=\"post-text\"> <div class=\"summary\"> <p>&nbsp; Isla Contoy, es una isla mexicana, pertenece a Isla Mujeres, esta en el estado de Quintana Roo. La isla&#8230;<\/p> <\/div> <\/div> <div class=\"info clearfix\"> <div class=\"post-footer-sharing\"><div class=\"gem-button-container gem-button-position-inline\"><a class=\"gem-button gem-button-size-tiny gem-button-style-flat gem-button-text-weight-normal gem-button-empty\" style=\"border-radius: 3px;\" onmouseleave=\"\" onmouseenter=\"\" href=\"#\" target=\"_self\"><i class=\"gem-print-icon gem-icon-pack-thegem-icons gem-icon-share\"><\/i><\/a><\/div> <div class=\"sharing-popup\">\n<div class=\"socials-sharing socials socials-colored-hover \"> <a class=\"socials-item\" target=\"_blank\" href=\"https:\/\/www.facebook.com\/sharer\/sharer.php?u=https%3A%2F%2Fwww.mycancuntours.com.mx%2Fquehacerencancun%2Fisla-contoy-un-lugar-que-no-te-debes-de-perder-se-encuentra-muy-cerca-de-isla-mujeres-y-cancun%2F\" title=\"Facebook\"><i class=\"socials-item-icon facebook\"><\/i><\/a> <a class=\"socials-item\" target=\"_blank\" href=\"https:\/\/twitter.com\/intent\/tweet?text=Isla+Contoy%2C+un+lugar+para+relajarse&#038;url=https%3A%2F%2Fwww.mycancuntours.com.mx%2Fquehacerencancun%2Fisla-contoy-un-lugar-que-no-te-debes-de-perder-se-encuentra-muy-cerca-de-isla-mujeres-y-cancun%2F\" title=\"Twitter\"><i class=\"socials-item-icon twitter\"><\/i><\/a> <a class=\"socials-item\" target=\"_blank\" href=\"https:\/\/pinterest.com\/pin\/create\/button\/?url=https%3A%2F%2Fwww.mycancuntours.com.mx%2Fquehacerencancun%2Fisla-contoy-un-lugar-que-no-te-debes-de-perder-se-encuentra-muy-cerca-de-isla-mujeres-y-cancun%2F&#038;description=Isla+Contoy%2C+un+lugar+para+relajarse&#038;media=https%3A%2F%2Fwww.mycancuntours.com.mx%2Fquehacerencancun%2Fwp-content%2Fuploads%2F2020%2F08%2F11438254505_e0bd5da56c_c-thegem-blog-timeline-large.jpg\" title=\"Pinterest\"><i class=\"socials-item-icon pinterest\"><\/i><\/a> <a class=\"socials-item\" target=\"_blank\" href=\"http:\/\/tumblr.com\/widgets\/share\/tool?canonicalUrl=https%3A%2F%2Fwww.mycancuntours.com.mx%2Fquehacerencancun%2Fisla-contoy-un-lugar-que-no-te-debes-de-perder-se-encuentra-muy-cerca-de-isla-mujeres-y-cancun%2F\" title=\"Tumblr\"><i class=\"socials-item-icon tumblr\"><\/i><\/a> <a class=\"socials-item\" target=\"_blank\" href=\"https:\/\/www.linkedin.com\/shareArticle?mini=true&#038;url=https%3A%2F%2Fwww.mycancuntours.com.mx%2Fquehacerencancun%2Fisla-contoy-un-lugar-que-no-te-debes-de-perder-se-encuentra-muy-cerca-de-isla-mujeres-y-cancun%2F&#038;title=Isla+Contoy%2C+un+lugar+para+relajarse&amp;summary=%26nbsp%3B+Isla+Contoy%2C+es+una+isla+mexicana%2C+pertenece+a+Isla+Mujeres%2C+esta+en+el+estado+de+Quintana+Roo.+La+isla...\" title=\"LinkedIn\"><i class=\"socials-item-icon linkedin\"><\/i><\/a> <a class=\"socials-item\" target=\"_blank\" href=\"https:\/\/www.reddit.com\/submit?url=https%3A%2F%2Fwww.mycancuntours.com.mx%2Fquehacerencancun%2Fisla-contoy-un-lugar-que-no-te-debes-de-perder-se-encuentra-muy-cerca-de-isla-mujeres-y-cancun%2F&#038;title=Isla+Contoy%2C+un+lugar+para+relajarse\" title=\"Reddit\"><i class=\"socials-item-icon reddit\"><\/i><\/a>\n<\/div>\n<svg class=\"sharing-styled-arrow\"><use xlink:href=\"https:\/\/www.mycancuntours.com.mx\/quehacerencancun\/wp-content\/themes\/thegem\/css\/post-arrow.svg#dec-post-arrow\"><\/use><\/svg><\/div><\/div> <div class=\"post-read-more\"><div class=\"gem-button-container gem-button-position-inline\"><a class=\"gem-button gem-button-size-tiny gem-button-style-outline gem-button-text-weight-normal gem-button-border-2\" style=\"border-radius: 3px;\" onmouseleave=\"\" onmouseenter=\"\" href=\"https:\/\/www.mycancuntours.com.mx\/quehacerencancun\/isla-contoy-un-lugar-que-no-te-debes-de-perder-se-encuentra-muy-cerca-de-isla-mujeres-y-cancun\/\" target=\"_self\">Read More<\/a><\/div> <\/div> <\/div> <\/div> <\/article>\n<\/div>[\/vc_column][\/vc_row][vc_row][vc_column][vc_column_text]\n<h3>La \u00faltima isla virgen<\/h3>\n<p>Se encuentra en el estado de Quintana Roo, aproximadamente a 30 km al norte de la \u00ednsula. Isla Contoy mide 8.75 km de largo y de 200 a 700 m en promedio de ancho y cuenta con un \u00e1rea de 230 hect\u00e1reas de superficie terrestre.<\/p>\n<h3>Solo 200 visitantes por d\u00eda<\/h3>\n<p>Isla Contoy es un paseo que no te puedes perder, se puede considerar como una de las \u00faltimas islas v\u00edrgenes del caribe. Te invita a vivir un d\u00eda muy especial en sus cristalinas aguas y c\u00f3modos servicios tur\u00edsticos que se ofrecen desde Canc\u00fan. Esta hermosa isla pertenece al parque nacional y solo permite no m\u00e1s de <strong>200 visitantes por d\u00eda<\/strong>. Esta regla permite mantener la exuberante flora y la diversa fauna que forman el conjunto perfecto para mostrarte toda la belleza del Caribe.<\/p>\n<h3>\u00bfQu\u00e9 disfrutar en isla contoy?<\/h3>\n<p>Esta isla puede ofrecer una gran variedad de actividades al turista. As\u00ed que cada persona que visita la hermosa isla debe esperar llevarse el mejor recuerdo. Desde incre\u00edbles playas de arena blanca y fina hasta platillos t\u00edpicos. De regreso no est\u00e1 de menos una parada en<a href=\"https:\/\/www.mycancuntours.com.mx\/isla-mujeres-tours\/tour-excursiones\"> Isla Mujeres<\/a> que tambi\u00e9n puede formar parte de lo que vivir\u00e1s en el recorrido por la bella isla. Por lo tanto, es importante que sepas elegir la mejor opci\u00f3n para que tu experiencia sea maravillosa.<\/p>\n<p>La gastronom\u00eda sin duda alguna es una de las cosas que m\u00e1s disfruta el turista al visitar la isla. Desde pescado o pollo hasta una rica langosta preparados con las recetas t\u00edpicas de la regi\u00f3n.<\/p>\n<p>El <a href=\"https:\/\/www.mycancuntours.com.mx\/cancun\/tour-islacontoy\/informacion\">tour desde Canc\u00fan<\/a> dura aproximadamente 7 horas llevando todo lo necesario. Tambi\u00e9n puedes visitar la Isla <a href=\"https:\/\/www.mycancuntours.com.mx\/riviera-maya\/tour-isla-contoy-playadelcarmen\/informacion\">desde Tulum<\/a>.[\/vc_column_text][\/vc_column][\/vc_row][vc_row][vc_column][vc_single_image image=&#8221;30375&#8243; img_size=&#8221;large&#8221; alignment=&#8221;center&#8221; onclick=&#8221;custom_link&#8221; link=&#8221;https:\/\/www.mycancuntours.com.mx\/cancun\/tour-islacontoy\/informacion&#8221;][\/vc_column][\/vc_row][vc_row][vc_column][vc_gmaps link=&#8221;#E-8_JTNDaWZyYW1lJTIwc3JjJTNEJTIyaHR0cHMlM0ElMkYlMkZ3d3cuZ29vZ2xlLmNvbSUyRm1hcHMlMkZlbWJlZCUzRnBiJTNEJTIxMW0xOCUyMTFtMTIlMjExbTMlMjExZDE2MzE5Mi44MzEwMDc0MTc2NyUyMTJkLTg2Ljg4Mzc4MjI1NjY1NDU3JTIxM2QyMS41MTc0MTg1MDI3MzM3NCUyMTJtMyUyMTFmMCUyMTJmMCUyMTNmMCUyMTNtMiUyMTFpMTAyNCUyMTJpNzY4JTIxNGYxMy4xJTIxM20zJTIxMW0yJTIxMXMweDhmNGM0OTBjZjJiZWNhNzUlMjUzQTB4ZjFkMTM1YjkxYTI1MzkzJTIxMnNJc2xhJTI1MjBDb250b3klMjE1ZTAlMjEzbTIlMjExc2VzJTIxMnNteCUyMTR2MTYzMTA0Nzg3NzYzOCUyMTVtMiUyMTFzZXMlMjEyc214JTIyJTIwd2lkdGglM0QlMjI2MDAlMjIlMjBoZWlnaHQlM0QlMjI0NTAlMjIlMjBzdHlsZSUzRCUyMmJvcmRlciUzQTAlM0IlMjIlMjBhbGxvd2Z1bGxzY3JlZW4lM0QlMjIlMjIlMjBsb2FkaW5nJTNEJTIybGF6eSUyMiUzRSUzQyUyRmlmcmFtZSUzRQ==&#8221; title=&#8221;\u00bfD\u00f3nde queda Isla contoy?&#8221;][\/vc_column][\/vc_row]\n","protected":false},"excerpt":{"rendered":"<p>[vc_row][vc_column][vc_column_text]Todo mundo sabe que el Mar Caribe mexicano est\u00e1 lleno de bellezas naturales, sin embargo, desconocen Isla Contoy, sobre todo&#8230;<\/p>\n","protected":false},"author":8,"featured_media":0,"parent":0,"menu_order":0,"comment_status":"closed","ping_status":"closed","template":"","meta":[],"yoast_head":"<!-- This site is optimized with the Yoast SEO plugin v17.8 - https:\/\/yoast.com\/wordpress\/plugins\/seo\/ -->\r\n<title>\u00bfQu\u00e9 hacer en Isla contoy? - Todos los tips y recomendaciones<\/title>\r\n<meta name=\"description\" content=\"Te compartimos todos los tips y recomendaciones para disfrutar Isla Contoy, sus experiencias y aventuras al mejor precio.\" \/>\r\n<meta name=\"robots\" content=\"index, follow, max-snippet:-1, max-image-preview:large, max-video-preview:-1\" \/>\r\n<link rel=\"canonical\" href=\"https:\/\/www.mycancuntours.com.mx\/quehacerencancun\/isla-contoy\/\" \/>\r\n<meta property=\"og:locale\" content=\"es_MX\" \/>\r\n<meta property=\"og:type\" content=\"article\" \/>\r\n<meta property=\"og:title\" content=\"\u00bfQu\u00e9 hacer en Isla contoy? - Todos los tips y recomendaciones\" \/>\r\n<meta property=\"og:description\" content=\"Te compartimos todos los tips y recomendaciones para disfrutar Isla Contoy, sus experiencias y aventuras al mejor precio.\" \/>\r\n<meta property=\"og:url\" content=\"https:\/\/www.mycancuntours.com.mx\/quehacerencancun\/isla-contoy\/\" \/>\r\n<meta property=\"og:site_name\" content=\"Que Hacer en Cancun\" \/>\r\n<meta property=\"article:publisher\" content=\"https:\/\/www.facebook.com\/mycancuntours\" \/>\r\n<meta property=\"article:modified_time\" content=\"2023-04-26T23:49:22+00:00\" \/>\r\n<meta property=\"og:image\" content=\"https:\/\/www.mycancuntours.com.mx\/quehacerencancun\/wp-content\/uploads\/2020\/08\/31034652362_4f0920e149_c.jpg\" \/>\r\n\t<meta property=\"og:image:width\" content=\"799\" \/>\r\n\t<meta property=\"og:image:height\" content=\"533\" \/>\r\n<meta name=\"twitter:card\" content=\"summary_large_image\" \/>\r\n<meta name=\"twitter:site\" content=\"@mycancuntours\" \/>\r\n<meta name=\"twitter:label1\" content=\"Tiempo de lectura\" \/>\n\t<meta name=\"twitter:data1\" content=\"2 minutos\" \/>\r\n<script type=\"application\/ld+json\" class=\"yoast-schema-graph\">{\"@context\":\"https:\/\/schema.org\",\"@graph\":[{\"@type\":\"Organization\",\"@id\":\"https:\/\/www.mycancuntours.com.mx\/quehacerencancun\/#organization\",\"name\":\"MyCancunTours\",\"url\":\"https:\/\/www.mycancuntours.com.mx\/quehacerencancun\/\",\"sameAs\":[\"https:\/\/www.facebook.com\/mycancuntours\",\"https:\/\/www.instagram.com\/mycancuntours\/\",\"https:\/\/www.youtube.com\/user\/mycancuntours\",\"https:\/\/www.pinterest.com.mx\/mycancuntours\",\"https:\/\/twitter.com\/mycancuntours\"],\"logo\":{\"@type\":\"ImageObject\",\"@id\":\"https:\/\/www.mycancuntours.com.mx\/quehacerencancun\/#logo\",\"inLanguage\":\"es-MX\",\"url\":\"https:\/\/www.mycancuntours.com.mx\/quehacerencancun\/wp-content\/uploads\/2020\/04\/mycancuntours-18anos.png\",\"contentUrl\":\"https:\/\/www.mycancuntours.com.mx\/quehacerencancun\/wp-content\/uploads\/2020\/04\/mycancuntours-18anos.png\",\"width\":200,\"height\":47,\"caption\":\"MyCancunTours\"},\"image\":{\"@id\":\"https:\/\/www.mycancuntours.com.mx\/quehacerencancun\/#logo\"}},{\"@type\":\"WebSite\",\"@id\":\"https:\/\/www.mycancuntours.com.mx\/quehacerencancun\/#website\",\"url\":\"https:\/\/www.mycancuntours.com.mx\/quehacerencancun\/\",\"name\":\"Que Hacer en Cancun\",\"description\":\"Viaja como local con MyCancunTours\",\"publisher\":{\"@id\":\"https:\/\/www.mycancuntours.com.mx\/quehacerencancun\/#organization\"},\"potentialAction\":[{\"@type\":\"SearchAction\",\"target\":{\"@type\":\"EntryPoint\",\"urlTemplate\":\"https:\/\/www.mycancuntours.com.mx\/quehacerencancun\/?s={search_term_string}\"},\"query-input\":\"required name=search_term_string\"}],\"inLanguage\":\"es-MX\"},{\"@type\":\"WebPage\",\"@id\":\"https:\/\/www.mycancuntours.com.mx\/quehacerencancun\/isla-contoy\/#webpage\",\"url\":\"https:\/\/www.mycancuntours.com.mx\/quehacerencancun\/isla-contoy\/\",\"name\":\"\\u00bfQu\\u00e9 hacer en Isla contoy? - Todos los tips y recomendaciones\",\"isPartOf\":{\"@id\":\"https:\/\/www.mycancuntours.com.mx\/quehacerencancun\/#website\"},\"datePublished\":\"2020-05-23T04:42:53+00:00\",\"dateModified\":\"2023-04-26T23:49:22+00:00\",\"description\":\"Te compartimos todos los tips y recomendaciones para disfrutar Isla Contoy, sus experiencias y aventuras al mejor precio.\",\"breadcrumb\":{\"@id\":\"https:\/\/www.mycancuntours.com.mx\/quehacerencancun\/isla-contoy\/#breadcrumb\"},\"inLanguage\":\"es-MX\",\"potentialAction\":[{\"@type\":\"ReadAction\",\"target\":[\"https:\/\/www.mycancuntours.com.mx\/quehacerencancun\/isla-contoy\/\"]}]},{\"@type\":\"BreadcrumbList\",\"@id\":\"https:\/\/www.mycancuntours.com.mx\/quehacerencancun\/isla-contoy\/#breadcrumb\",\"itemListElement\":[{\"@type\":\"ListItem\",\"position\":1,\"name\":\"Inicio\",\"item\":\"https:\/\/www.mycancuntours.com.mx\/quehacerencancun\/\"},{\"@type\":\"ListItem\",\"position\":2,\"name\":\"Isla Contoy\"}]}]}<\/script>\r\n<!-- \/ Yoast SEO plugin. -->","yoast_head_json":{"title":"\u00bfQu\u00e9 hacer en Isla contoy? - Todos los tips y recomendaciones","description":"Te compartimos todos los tips y recomendaciones para disfrutar Isla Contoy, sus experiencias y aventuras al mejor precio.","robots":{"index":"index","follow":"follow","max-snippet":"max-snippet:-1","max-image-preview":"max-image-preview:large","max-video-preview":"max-video-preview:-1"},"canonical":"https:\/\/www.mycancuntours.com.mx\/quehacerencancun\/isla-contoy\/","og_locale":"es_MX","og_type":"article","og_title":"\u00bfQu\u00e9 hacer en Isla contoy? - Todos los tips y recomendaciones","og_description":"Te compartimos todos los tips y recomendaciones para disfrutar Isla Contoy, sus experiencias y aventuras al mejor precio.","og_url":"https:\/\/www.mycancuntours.com.mx\/quehacerencancun\/isla-contoy\/","og_site_name":"Que Hacer en Cancun","article_publisher":"https:\/\/www.facebook.com\/mycancuntours","article_modified_time":"2023-04-26T23:49:22+00:00","og_image":[{"width":799,"height":533,"url":"https:\/\/www.mycancuntours.com.mx\/quehacerencancun\/wp-content\/uploads\/2020\/08\/31034652362_4f0920e149_c.jpg","type":"image\/jpeg"}],"twitter_card":"summary_large_image","twitter_site":"@mycancuntours","twitter_misc":{"Tiempo de lectura":"2 minutos"},"schema":{"@context":"https:\/\/schema.org","@graph":[{"@type":"Organization","@id":"https:\/\/www.mycancuntours.com.mx\/quehacerencancun\/#organization","name":"MyCancunTours","url":"https:\/\/www.mycancuntours.com.mx\/quehacerencancun\/","sameAs":["https:\/\/www.facebook.com\/mycancuntours","https:\/\/www.instagram.com\/mycancuntours\/","https:\/\/www.youtube.com\/user\/mycancuntours","https:\/\/www.pinterest.com.mx\/mycancuntours","https:\/\/twitter.com\/mycancuntours"],"logo":{"@type":"ImageObject","@id":"https:\/\/www.mycancuntours.com.mx\/quehacerencancun\/#logo","inLanguage":"es-MX","url":"https:\/\/www.mycancuntours.com.mx\/quehacerencancun\/wp-content\/uploads\/2020\/04\/mycancuntours-18anos.png","contentUrl":"https:\/\/www.mycancuntours.com.mx\/quehacerencancun\/wp-content\/uploads\/2020\/04\/mycancuntours-18anos.png","width":200,"height":47,"caption":"MyCancunTours"},"image":{"@id":"https:\/\/www.mycancuntours.com.mx\/quehacerencancun\/#logo"}},{"@type":"WebSite","@id":"https:\/\/www.mycancuntours.com.mx\/quehacerencancun\/#website","url":"https:\/\/www.mycancuntours.com.mx\/quehacerencancun\/","name":"Que Hacer en Cancun","description":"Viaja como local con MyCancunTours","publisher":{"@id":"https:\/\/www.mycancuntours.com.mx\/quehacerencancun\/#organization"},"potentialAction":[{"@type":"SearchAction","target":{"@type":"EntryPoint","urlTemplate":"https:\/\/www.mycancuntours.com.mx\/quehacerencancun\/?s={search_term_string}"},"query-input":"required name=search_term_string"}],"inLanguage":"es-MX"},{"@type":"WebPage","@id":"https:\/\/www.mycancuntours.com.mx\/quehacerencancun\/isla-contoy\/#webpage","url":"https:\/\/www.mycancuntours.com.mx\/quehacerencancun\/isla-contoy\/","name":"\u00bfQu\u00e9 hacer en Isla contoy? - Todos los tips y recomendaciones","isPartOf":{"@id":"https:\/\/www.mycancuntours.com.mx\/quehacerencancun\/#website"},"datePublished":"2020-05-23T04:42:53+00:00","dateModified":"2023-04-26T23:49:22+00:00","description":"Te compartimos todos los tips y recomendaciones para disfrutar Isla Contoy, sus experiencias y aventuras al mejor precio.","breadcrumb":{"@id":"https:\/\/www.mycancuntours.com.mx\/quehacerencancun\/isla-contoy\/#breadcrumb"},"inLanguage":"es-MX","potentialAction":[{"@type":"ReadAction","target":["https:\/\/www.mycancuntours.com.mx\/quehacerencancun\/isla-contoy\/"]}]},{"@type":"BreadcrumbList","@id":"https:\/\/www.mycancuntours.com.mx\/quehacerencancun\/isla-contoy\/#breadcrumb","itemListElement":[{"@type":"ListItem","position":1,"name":"Inicio","item":"https:\/\/www.mycancuntours.com.mx\/quehacerencancun\/"},{"@type":"ListItem","position":2,"name":"Isla Contoy"}]}]}},"_links":{"self":[{"href":"https:\/\/www.mycancuntours.com.mx\/quehacerencancun\/wp-json\/wp\/v2\/pages\/29273"}],"collection":[{"href":"https:\/\/www.mycancuntours.com.mx\/quehacerencancun\/wp-json\/wp\/v2\/pages"}],"about":[{"href":"https:\/\/www.mycancuntours.com.mx\/quehacerencancun\/wp-json\/wp\/v2\/types\/page"}],"author":[{"embeddable":true,"href":"https:\/\/www.mycancuntours.com.mx\/quehacerencancun\/wp-json\/wp\/v2\/users\/8"}],"replies":[{"embeddable":true,"href":"https:\/\/www.mycancuntours.com.mx\/quehacerencancun\/wp-json\/wp\/v2\/comments?post=29273"}],"version-history":[{"count":8,"href":"https:\/\/www.mycancuntours.com.mx\/quehacerencancun\/wp-json\/wp\/v2\/pages\/29273\/revisions"}],"predecessor-version":[{"id":30973,"href":"https:\/\/www.mycancuntours.com.mx\/quehacerencancun\/wp-json\/wp\/v2\/pages\/29273\/revisions\/30973"}],"wp:attachment":[{"href":"https:\/\/www.mycancuntours.com.mx\/quehacerencancun\/wp-json\/wp\/v2\/media?parent=29273"}],"curies":[{"name":"wp","href":"https:\/\/api.w.org\/{rel}","templated":true}]}}