{"id":31577,"date":"2025-05-13T21:58:19","date_gmt":"2025-05-13T21:58:19","guid":{"rendered":"https:\/\/www.mycancuntours.com.mx\/quehacerencancun\/?page_id=31577"},"modified":"2025-05-13T23:18:37","modified_gmt":"2025-05-13T23:18:37","slug":"tours-gastronomicos-y-vida-nocturna-en-cancun","status":"publish","type":"page","link":"https:\/\/www.mycancuntours.com.mx\/quehacerencancun\/tours-gastronomicos-y-vida-nocturna-en-cancun\/","title":{"rendered":"Cenas con Show En Canc\u00fan"},"content":{"rendered":"[vc_row][vc_column][vc_column_text]\u00bfTe preguntas d\u00f3nde vivir la mejor experiencia culinaria y de entretenimiento en <strong>Canc\u00fan<\/strong>? La respuesta est\u00e1 en sus incre\u00edbles <a href=\"https:\/\/www.mycancuntours.com.mx\/santuario-entrada\/informacion\"><strong data-start=\"1079\" data-end=\"1102\">tours gastron\u00f3micos<\/strong> <\/a>y sus inolvidables <strong data-start=\"1122\" data-end=\"1147\">cenas con espect\u00e1culo<\/strong>. Esta vibrante ciudad del Caribe Mexicano combina sabor, m\u00fasica, cultura y diversi\u00f3n en cada noche.[\/vc_column_text][\/vc_column][\/vc_row][vc_row][vc_column][vc_custom_heading text=&#8221;Tours Gastron\u00f3micos en el Centro de Canc\u00fan&#8221; font_container=&#8221;tag:h2|font_size:30px|text_align:left&#8221; link=&#8221;url:https%3A%2F%2Fwww.mycancuntours.com.mx%2Fcancun%2Fvida-nocturna%2Fcenas-shows%2Fcitytour-cancun%2Finformacion||target:%20_blank|&#8221;][vc_column_text]\n<p class=\"\" data-start=\"1300\" data-end=\"1565\">Explora el aut\u00e9ntico coraz\u00f3n de <strong>Canc\u00fan<\/strong> a trav\u00e9s de recorridos culinarios que te llevan a probar los mejores tacos, antojitos y cervezas artesanales locales. Acompa\u00f1ado por chefs y gu\u00edas expertos, descubrir\u00e1s la esencia de la comida mexicana en su forma m\u00e1s genuina.<\/p>\n<p class=\"\" data-start=\"1567\" data-end=\"1729\"><strong data-start=\"1567\" data-end=\"1588\">Recomendado para:<\/strong><br data-start=\"1588\" data-end=\"1591\" \/>Turistas que buscan una experiencia local, amantes de la comida tradicional, y quienes desean conocer <strong>Canc\u00fan<\/strong> m\u00e1s all\u00e1 de la zona hotelera.<\/p>\n[\/vc_column_text][\/vc_column][\/vc_row][vc_row][vc_column][vc_custom_heading text=&#8221;Cena y Show en Xoximilco Canc\u00fan&#8221; font_container=&#8221;tag:h2|font_size:30px|text_align:left&#8221; link=&#8221;url:https%3A%2F%2Fwww.mycancuntours.com.mx%2Fpromociones-tours-combos||target:%20_blank|&#8221;][vc_column_text]\n<p class=\"\" data-start=\"1776\" data-end=\"2023\">Vive una noche mexicana aut\u00e9ntica a bordo de una trajinera, con m\u00fasica en vivo, <strong>mariachi<\/strong>, <strong>tequila<\/strong> y <strong>deliciosa gastronom\u00eda regional<\/strong>. <a href=\"https:\/\/www.mycancuntours.com.mx\/promociones-tours-combos\"><strong>Xoximilco<\/strong><\/a> <strong>Canc\u00fan<\/strong> recrea la tradici\u00f3n del famoso <strong>Xochimilco<\/strong> <strong>de la Ciudad de M\u00e9xico, con el toque festivo del Caribe<\/strong>.<\/p>\n<p class=\"\" data-start=\"2025\" data-end=\"2143\"><strong data-start=\"2025\" data-end=\"2040\">Ideal para:<\/strong><br data-start=\"2040\" data-end=\"2043\" \/>Grupos de amigos, familias o parejas que quieren vivir una noche cultural con mucho sabor y alegr\u00eda.<\/p>\n[\/vc_column_text][vc_single_image image=&#8221;31476&#8243; img_size=&#8221;large&#8221; alignment=&#8221;center&#8221; style=&#8221;vc_box_rounded&#8221; css=&#8221;.vc_custom_1747157025795{margin-top: 40px !important;}&#8221;][\/vc_column][\/vc_row][vc_row][vc_column][vc_custom_heading text=&#8221;Cena Rom\u00e1ntica con Langosta en el Crucero Columbus&#8221; font_container=&#8221;tag:h3|font_size:30px|text_align:left&#8221; link=&#8221;url:https%3A%2F%2Fwww.mycancuntours.com.mx%2Ftour-loverscruisecancun%2Finformacion||target:%20_blank|&#8221;][vc_column_text]\n<p class=\"\" data-start=\"2210\" data-end=\"2402\">Perfecto para parejas, este crucero nocturno te ofrece una atm\u00f3sfera \u00edntima con saxof\u00f3n en vivo, barra libre y una cena de langosta gourmet mientras navegas bajo el cielo estrellado de <strong>Canc\u00fan<\/strong>.<\/p>\n<p class=\"\" data-start=\"2404\" data-end=\"2494\"><strong data-start=\"2404\" data-end=\"2416\">Incluye:<\/strong><br data-start=\"2416\" data-end=\"2419\" \/>Barra libre, men\u00fa a elegir, atenci\u00f3n personalizada y vistas espectaculares.<\/p>\n[\/vc_column_text][vc_single_image image=&#8221;31475&#8243; img_size=&#8221;large&#8221; alignment=&#8221;center&#8221; style=&#8221;vc_box_rounded&#8221; css=&#8221;.vc_custom_1747157051734{margin-top: 40px !important;}&#8221;][\/vc_column][\/vc_row][vc_row][vc_column][vc_custom_heading text=&#8221;Aventura Pirata en Capit\u00e1n Hook o Jolly Roger&#8221; font_container=&#8221;tag:h3|font_size:30px|text_align:left&#8221; link=&#8221;url:https%3A%2F%2Fwww.mycancuntours.com.mx%2Fcapitanhookcancun-carne%2Finformacion||target:%20_blank|&#8221;][vc_column_text]\n<p class=\"\" data-start=\"2555\" data-end=\"2744\">Disfruta un espect\u00e1culo lleno de acci\u00f3n a bordo de un <strong>barco pirata<\/strong>, con <strong>combates de espadas<\/strong>, <strong>acrobacias<\/strong>, <strong>juegos<\/strong> y un <strong>banquete digno de corsarios<\/strong>. <strong>Una noche de emoci\u00f3n, risas y mucha comida<\/strong>.<\/p>\n<p class=\"\" data-start=\"2746\" data-end=\"2845\"><strong data-start=\"2746\" data-end=\"2771\">Para toda la familia:<\/strong><br data-start=\"2771\" data-end=\"2774\" \/>Ni\u00f1os, adultos y viajeros de todas las edades se divertir\u00e1n como nunca.<\/p>\n[\/vc_column_text][vc_single_image image=&#8221;31477&#8243; img_size=&#8221;large&#8221; alignment=&#8221;center&#8221; style=&#8221;vc_box_rounded&#8221; css=&#8221;.vc_custom_1747157075786{margin-top: 40px !important;}&#8221;][\/vc_column][\/vc_row][vc_row][vc_column][vc_custom_heading text=&#8221;Vida Nocturna y Antros en Canc\u00fan: \u00a1La Fiesta No Para!&#8221; font_container=&#8221;tag:h3|font_size:30px|text_align:left&#8221;][vc_column_text]\n<p class=\"\" data-start=\"2914\" data-end=\"3007\">Despu\u00e9s de cenar, prep\u00e1rate para una noche de fiesta en los mejores clubes y bares de Canc\u00fan:<\/p>\n<ul data-start=\"3009\" data-end=\"3268\">\n<li class=\"\" data-start=\"3009\" data-end=\"3086\">\n<p class=\"\" data-start=\"3011\" data-end=\"3086\"><strong data-start=\"3011\" data-end=\"3033\">Coco Bongo Canc\u00fan:<\/strong> Show estilo Las Vegas con luces, acr\u00f3batas y m\u00fasica.<\/p>\n<\/li>\n<li class=\"\" data-start=\"3087\" data-end=\"3166\">\n<p class=\"\" data-start=\"3089\" data-end=\"3166\"><strong data-start=\"3089\" data-end=\"3102\">The City:<\/strong> El club m\u00e1s grande de Am\u00e9rica Latina, con DJ\u2019s internacionales.<\/p>\n<\/li>\n<li class=\"\" data-start=\"3167\" data-end=\"3268\">\n<p class=\"\" data-start=\"3169\" data-end=\"3268\"><strong data-start=\"3169\" data-end=\"3207\">Se\u00f1or Frog\u2019s y Carlos\u2019n Charlie\u2019s:<\/strong> Fiestas tem\u00e1ticas, comida deliciosa y diversi\u00f3n sin l\u00edmites.<\/p>\n<\/li>\n<\/ul>\n[\/vc_column_text][\/vc_column][\/vc_row][vc_row][vc_column][vc_custom_heading text=&#8221;\u00bfPor qu\u00e9 elegir cenas con show en Canc\u00fan?&#8221; font_container=&#8221;tag:h3|font_size:30px|text_align:left&#8221; link=&#8221;url:https%3A%2F%2Fwww.mycancuntours.com.mx%2Fvida-nocturna%2Ftour-excursiones||target:%20_blank|&#8221;][vc_column_text]<a href=\"https:\/\/www.mycancuntours.com.mx\/cancun\/tour-experiencias\">Canc\u00fan<\/a> ofrece una experiencia multisensorial donde la gastronom\u00eda se mezcla con el espect\u00e1culo. Ya sea navegando en una trajinera, cenando langosta en un crucero o a bordo de un barco pirata, cada velada es una celebraci\u00f3n de la cultura mexicana y la alegr\u00eda caribe\u00f1a.[\/vc_column_text][\/vc_column][\/vc_row][vc_row][vc_column][vc_custom_heading text=&#8221;\u00bfBuscas actividades nocturnas imperdibles en Canc\u00fan?&#8221; font_container=&#8221;tag:h3|font_size:30px|text_align:left&#8221; link=&#8221;url:https%3A%2F%2Fwww.mycancuntours.com.mx%2Fvida-nocturna%2Ftour-excursiones||target:%20_blank|&#8221;][vc_column_text]Este destino no solo ofrece playas paradis\u00edacas, sino tambi\u00e9n <strong data-start=\"3724\" data-end=\"3762\">una vida nocturna diversa y segura<\/strong>, perfecta para todos los gustos: desde planes rom\u00e1nticos hasta fiestas inolvidables o aventuras tem\u00e1ticas.[\/vc_column_text][\/vc_column][\/vc_row][vc_row][vc_column][vc_column_text]\n<p class=\"\" data-start=\"3894\" data-end=\"4141\">Las <a href=\"https:\/\/www.mycancuntours.com.mx\/vida-nocturna\/tour-excursiones\"><strong data-start=\"3898\" data-end=\"3948\">cenas con show y tours gastron\u00f3micos en Canc\u00fan<\/strong> <\/a>son mucho m\u00e1s que una comida: son experiencias \u00fanicas que te conectan con la <strong>cultura, la m\u00fasica y la energ\u00eda del Caribe<\/strong>. Si quieres que tus noches sean inolvidables, \u00a1<strong>este es el plan perfecto<\/strong>!<\/p>\n<p class=\"\" data-start=\"3894\" data-end=\"4141\"><a href=\"https:\/\/www.mycancuntours.com.mx\/vida-nocturna\/tour-excursiones\"><strong data-start=\"4145\" data-end=\"4220\">Vive Canc\u00fan de noche y dale sabor a tus vacaciones. \u00a1La fiesta no para!<\/strong><\/a><\/p>\n[\/vc_column_text][\/vc_column][\/vc_row][vc_row][vc_column][vc_basic_grid post_type=&#8221;post&#8221; max_items=&#8221;10&#8243; orderby=&#8221;title&#8221; grid_id=&#8221;vc_gid:1747175810570-dfddddd2-0089-0&#8243; taxonomies=&#8221;144&#8243;][\/vc_column][\/vc_row]\n","protected":false},"excerpt":{"rendered":"<p>[vc_row][vc_column][vc_column_text]\u00bfTe preguntas d\u00f3nde vivir la mejor experiencia culinaria y de entretenimiento en Canc\u00fan? La respuesta est\u00e1 en sus incre\u00edbles tours&#8230;<\/p>\n","protected":false},"author":1,"featured_media":0,"parent":0,"menu_order":0,"comment_status":"closed","ping_status":"closed","template":"","meta":[],"yoast_head":"<!-- This site is optimized with the Yoast SEO plugin v17.8 - https:\/\/yoast.com\/wordpress\/plugins\/seo\/ -->\r\n<title>Cenas con Show y Tours Gastron\u00f3micos en Canc\u00fan<\/title>\r\n<meta name=\"description\" content=\"Disfruta cenas con espect\u00e1culo, tours de tacos, cruceros rom\u00e1nticos y noches tem\u00e1ticas en Canc\u00fan. \u00a1Vive lo mejor de la gastronom\u00eda y el show!\" \/>\r\n<meta name=\"robots\" content=\"index, follow, max-snippet:-1, max-image-preview:large, max-video-preview:-1\" \/>\r\n<link rel=\"canonical\" href=\"https:\/\/www.mycancuntours.com.mx\/quehacerencancun\/tours-gastronomicos-y-vida-nocturna-en-cancun\/\" \/>\r\n<meta property=\"og:locale\" content=\"es_MX\" \/>\r\n<meta property=\"og:type\" content=\"article\" \/>\r\n<meta property=\"og:title\" content=\"Cenas con Show y Tours Gastron\u00f3micos en Canc\u00fan\" \/>\r\n<meta property=\"og:description\" content=\"Disfruta cenas con espect\u00e1culo, tours de tacos, cruceros rom\u00e1nticos y noches tem\u00e1ticas en Canc\u00fan. \u00a1Vive lo mejor de la gastronom\u00eda y el show!\" \/>\r\n<meta property=\"og:url\" content=\"https:\/\/www.mycancuntours.com.mx\/quehacerencancun\/tours-gastronomicos-y-vida-nocturna-en-cancun\/\" \/>\r\n<meta property=\"og:site_name\" content=\"Que Hacer en Cancun\" \/>\r\n<meta property=\"article:publisher\" content=\"https:\/\/www.facebook.com\/mycancuntours\" \/>\r\n<meta property=\"article:modified_time\" content=\"2025-05-13T23:18:37+00:00\" \/>\r\n<meta property=\"og:image\" content=\"https:\/\/www.mycancuntours.com.mx\/quehacerencancun\/wp-content\/uploads\/2020\/08\/31034652362_4f0920e149_c.jpg\" \/>\r\n\t<meta property=\"og:image:width\" content=\"799\" \/>\r\n\t<meta property=\"og:image:height\" content=\"533\" \/>\r\n<meta name=\"twitter:card\" content=\"summary_large_image\" \/>\r\n<meta name=\"twitter:site\" content=\"@mycancuntours\" \/>\r\n<meta name=\"twitter:label1\" content=\"Tiempo de lectura\" \/>\n\t<meta name=\"twitter:data1\" content=\"5 minutos\" \/>\r\n<script type=\"application\/ld+json\" class=\"yoast-schema-graph\">{\"@context\":\"https:\/\/schema.org\",\"@graph\":[{\"@type\":\"Organization\",\"@id\":\"https:\/\/www.mycancuntours.com.mx\/quehacerencancun\/#organization\",\"name\":\"MyCancunTours\",\"url\":\"https:\/\/www.mycancuntours.com.mx\/quehacerencancun\/\",\"sameAs\":[\"https:\/\/www.facebook.com\/mycancuntours\",\"https:\/\/www.instagram.com\/mycancuntours\/\",\"https:\/\/www.youtube.com\/user\/mycancuntours\",\"https:\/\/www.pinterest.com.mx\/mycancuntours\",\"https:\/\/twitter.com\/mycancuntours\"],\"logo\":{\"@type\":\"ImageObject\",\"@id\":\"https:\/\/www.mycancuntours.com.mx\/quehacerencancun\/#logo\",\"inLanguage\":\"es-MX\",\"url\":\"https:\/\/www.mycancuntours.com.mx\/quehacerencancun\/wp-content\/uploads\/2020\/04\/mycancuntours-18anos.png\",\"contentUrl\":\"https:\/\/www.mycancuntours.com.mx\/quehacerencancun\/wp-content\/uploads\/2020\/04\/mycancuntours-18anos.png\",\"width\":200,\"height\":47,\"caption\":\"MyCancunTours\"},\"image\":{\"@id\":\"https:\/\/www.mycancuntours.com.mx\/quehacerencancun\/#logo\"}},{\"@type\":\"WebSite\",\"@id\":\"https:\/\/www.mycancuntours.com.mx\/quehacerencancun\/#website\",\"url\":\"https:\/\/www.mycancuntours.com.mx\/quehacerencancun\/\",\"name\":\"Que Hacer en Cancun\",\"description\":\"Viaja como local con MyCancunTours\",\"publisher\":{\"@id\":\"https:\/\/www.mycancuntours.com.mx\/quehacerencancun\/#organization\"},\"potentialAction\":[{\"@type\":\"SearchAction\",\"target\":{\"@type\":\"EntryPoint\",\"urlTemplate\":\"https:\/\/www.mycancuntours.com.mx\/quehacerencancun\/?s={search_term_string}\"},\"query-input\":\"required name=search_term_string\"}],\"inLanguage\":\"es-MX\"},{\"@type\":\"WebPage\",\"@id\":\"https:\/\/www.mycancuntours.com.mx\/quehacerencancun\/tours-gastronomicos-y-vida-nocturna-en-cancun\/#webpage\",\"url\":\"https:\/\/www.mycancuntours.com.mx\/quehacerencancun\/tours-gastronomicos-y-vida-nocturna-en-cancun\/\",\"name\":\"Cenas con Show y Tours Gastron\\u00f3micos en Canc\\u00fan\",\"isPartOf\":{\"@id\":\"https:\/\/www.mycancuntours.com.mx\/quehacerencancun\/#website\"},\"datePublished\":\"2025-05-13T21:58:19+00:00\",\"dateModified\":\"2025-05-13T23:18:37+00:00\",\"description\":\"Disfruta cenas con espect\\u00e1culo, tours de tacos, cruceros rom\\u00e1nticos y noches tem\\u00e1ticas en Canc\\u00fan. \\u00a1Vive lo mejor de la gastronom\\u00eda y el show!\",\"breadcrumb\":{\"@id\":\"https:\/\/www.mycancuntours.com.mx\/quehacerencancun\/tours-gastronomicos-y-vida-nocturna-en-cancun\/#breadcrumb\"},\"inLanguage\":\"es-MX\",\"potentialAction\":[{\"@type\":\"ReadAction\",\"target\":[\"https:\/\/www.mycancuntours.com.mx\/quehacerencancun\/tours-gastronomicos-y-vida-nocturna-en-cancun\/\"]}]},{\"@type\":\"BreadcrumbList\",\"@id\":\"https:\/\/www.mycancuntours.com.mx\/quehacerencancun\/tours-gastronomicos-y-vida-nocturna-en-cancun\/#breadcrumb\",\"itemListElement\":[{\"@type\":\"ListItem\",\"position\":1,\"name\":\"Inicio\",\"item\":\"https:\/\/www.mycancuntours.com.mx\/quehacerencancun\/\"},{\"@type\":\"ListItem\",\"position\":2,\"name\":\"Cenas con Show En Canc\\u00fan\"}]}]}<\/script>\r\n<!-- \/ Yoast SEO plugin. -->","yoast_head_json":{"title":"Cenas con Show y Tours Gastron\u00f3micos en Canc\u00fan","description":"Disfruta cenas con espect\u00e1culo, tours de tacos, cruceros rom\u00e1nticos y noches tem\u00e1ticas en Canc\u00fan. \u00a1Vive lo mejor de la gastronom\u00eda y el show!","robots":{"index":"index","follow":"follow","max-snippet":"max-snippet:-1","max-image-preview":"max-image-preview:large","max-video-preview":"max-video-preview:-1"},"canonical":"https:\/\/www.mycancuntours.com.mx\/quehacerencancun\/tours-gastronomicos-y-vida-nocturna-en-cancun\/","og_locale":"es_MX","og_type":"article","og_title":"Cenas con Show y Tours Gastron\u00f3micos en Canc\u00fan","og_description":"Disfruta cenas con espect\u00e1culo, tours de tacos, cruceros rom\u00e1nticos y noches tem\u00e1ticas en Canc\u00fan. \u00a1Vive lo mejor de la gastronom\u00eda y el show!","og_url":"https:\/\/www.mycancuntours.com.mx\/quehacerencancun\/tours-gastronomicos-y-vida-nocturna-en-cancun\/","og_site_name":"Que Hacer en Cancun","article_publisher":"https:\/\/www.facebook.com\/mycancuntours","article_modified_time":"2025-05-13T23:18:37+00:00","og_image":[{"width":799,"height":533,"url":"https:\/\/www.mycancuntours.com.mx\/quehacerencancun\/wp-content\/uploads\/2020\/08\/31034652362_4f0920e149_c.jpg","type":"image\/jpeg"}],"twitter_card":"summary_large_image","twitter_site":"@mycancuntours","twitter_misc":{"Tiempo de lectura":"5 minutos"},"schema":{"@context":"https:\/\/schema.org","@graph":[{"@type":"Organization","@id":"https:\/\/www.mycancuntours.com.mx\/quehacerencancun\/#organization","name":"MyCancunTours","url":"https:\/\/www.mycancuntours.com.mx\/quehacerencancun\/","sameAs":["https:\/\/www.facebook.com\/mycancuntours","https:\/\/www.instagram.com\/mycancuntours\/","https:\/\/www.youtube.com\/user\/mycancuntours","https:\/\/www.pinterest.com.mx\/mycancuntours","https:\/\/twitter.com\/mycancuntours"],"logo":{"@type":"ImageObject","@id":"https:\/\/www.mycancuntours.com.mx\/quehacerencancun\/#logo","inLanguage":"es-MX","url":"https:\/\/www.mycancuntours.com.mx\/quehacerencancun\/wp-content\/uploads\/2020\/04\/mycancuntours-18anos.png","contentUrl":"https:\/\/www.mycancuntours.com.mx\/quehacerencancun\/wp-content\/uploads\/2020\/04\/mycancuntours-18anos.png","width":200,"height":47,"caption":"MyCancunTours"},"image":{"@id":"https:\/\/www.mycancuntours.com.mx\/quehacerencancun\/#logo"}},{"@type":"WebSite","@id":"https:\/\/www.mycancuntours.com.mx\/quehacerencancun\/#website","url":"https:\/\/www.mycancuntours.com.mx\/quehacerencancun\/","name":"Que Hacer en Cancun","description":"Viaja como local con MyCancunTours","publisher":{"@id":"https:\/\/www.mycancuntours.com.mx\/quehacerencancun\/#organization"},"potentialAction":[{"@type":"SearchAction","target":{"@type":"EntryPoint","urlTemplate":"https:\/\/www.mycancuntours.com.mx\/quehacerencancun\/?s={search_term_string}"},"query-input":"required name=search_term_string"}],"inLanguage":"es-MX"},{"@type":"WebPage","@id":"https:\/\/www.mycancuntours.com.mx\/quehacerencancun\/tours-gastronomicos-y-vida-nocturna-en-cancun\/#webpage","url":"https:\/\/www.mycancuntours.com.mx\/quehacerencancun\/tours-gastronomicos-y-vida-nocturna-en-cancun\/","name":"Cenas con Show y Tours Gastron\u00f3micos en Canc\u00fan","isPartOf":{"@id":"https:\/\/www.mycancuntours.com.mx\/quehacerencancun\/#website"},"datePublished":"2025-05-13T21:58:19+00:00","dateModified":"2025-05-13T23:18:37+00:00","description":"Disfruta cenas con espect\u00e1culo, tours de tacos, cruceros rom\u00e1nticos y noches tem\u00e1ticas en Canc\u00fan. \u00a1Vive lo mejor de la gastronom\u00eda y el show!","breadcrumb":{"@id":"https:\/\/www.mycancuntours.com.mx\/quehacerencancun\/tours-gastronomicos-y-vida-nocturna-en-cancun\/#breadcrumb"},"inLanguage":"es-MX","potentialAction":[{"@type":"ReadAction","target":["https:\/\/www.mycancuntours.com.mx\/quehacerencancun\/tours-gastronomicos-y-vida-nocturna-en-cancun\/"]}]},{"@type":"BreadcrumbList","@id":"https:\/\/www.mycancuntours.com.mx\/quehacerencancun\/tours-gastronomicos-y-vida-nocturna-en-cancun\/#breadcrumb","itemListElement":[{"@type":"ListItem","position":1,"name":"Inicio","item":"https:\/\/www.mycancuntours.com.mx\/quehacerencancun\/"},{"@type":"ListItem","position":2,"name":"Cenas con Show En Canc\u00fan"}]}]}},"_links":{"self":[{"href":"https:\/\/www.mycancuntours.com.mx\/quehacerencancun\/wp-json\/wp\/v2\/pages\/31577"}],"collection":[{"href":"https:\/\/www.mycancuntours.com.mx\/quehacerencancun\/wp-json\/wp\/v2\/pages"}],"about":[{"href":"https:\/\/www.mycancuntours.com.mx\/quehacerencancun\/wp-json\/wp\/v2\/types\/page"}],"author":[{"embeddable":true,"href":"https:\/\/www.mycancuntours.com.mx\/quehacerencancun\/wp-json\/wp\/v2\/users\/1"}],"replies":[{"embeddable":true,"href":"https:\/\/www.mycancuntours.com.mx\/quehacerencancun\/wp-json\/wp\/v2\/comments?post=31577"}],"version-history":[{"count":4,"href":"https:\/\/www.mycancuntours.com.mx\/quehacerencancun\/wp-json\/wp\/v2\/pages\/31577\/revisions"}],"predecessor-version":[{"id":31582,"href":"https:\/\/www.mycancuntours.com.mx\/quehacerencancun\/wp-json\/wp\/v2\/pages\/31577\/revisions\/31582"}],"wp:attachment":[{"href":"https:\/\/www.mycancuntours.com.mx\/quehacerencancun\/wp-json\/wp\/v2\/media?parent=31577"}],"curies":[{"name":"wp","href":"https:\/\/api.w.org\/{rel}","templated":true}]}}