{"id":31603,"date":"2025-05-14T15:49:15","date_gmt":"2025-05-14T15:49:15","guid":{"rendered":"https:\/\/www.mycancuntours.com.mx\/quehacerencancun\/?page_id=31603"},"modified":"2025-05-14T15:55:35","modified_gmt":"2025-05-14T15:55:35","slug":"xcaret-y-parques-tematicos-en-cancun","status":"publish","type":"page","link":"https:\/\/www.mycancuntours.com.mx\/quehacerencancun\/xcaret-y-parques-tematicos-en-cancun\/","title":{"rendered":"Parques Tem\u00e1ticos Desde Canc\u00fan y Riviera Maya"},"content":{"rendered":"[vc_row][vc_column][vc_custom_heading text=&#8221;Parques Tem\u00e1ticos en Canc\u00fan y Riviera Maya: Xcaret, Tulum, Isla Mujeres y M\u00e1s&#8221; font_container=&#8221;tag:h1|font_size:40px|text_align:left&#8221; link=&#8221;url:https%3A%2F%2Fwww.mycancuntours.com.mx%2Fparques-naturales%2Ftour-excursiones||target:%20_blank|&#8221;][\/vc_column][\/vc_row][vc_row][vc_column][vc_column_text]\u00bfEst\u00e1s planeando unas vacaciones en <a href=\"https:\/\/www.mycancuntours.com.mx\/cancun\/tour-experiencias\">Canc\u00fan o Riviera Maya<\/a> y buscas algo m\u00e1s que solo playas? Los<a href=\"https:\/\/www.mycancuntours.com.mx\/parques-naturales\/tour-excursiones\"> <strong data-start=\"1079\" data-end=\"1110\">parques tem\u00e1ticos de Canc\u00fan<\/strong> <\/a>son una experiencia completa que combina naturaleza, cultura, historia y aventura. Desde <strong data-start=\"1200\" data-end=\"1233\">r\u00edos subterr\u00e1neos y tirolesas<\/strong>, hasta <strong data-start=\"1241\" data-end=\"1291\">ruinas arqueol\u00f3gicas y experiencias culinarias<\/strong>, aqu\u00ed te mostramos todo lo que puedes vivir en los principales parques tur\u00edsticos de la regi\u00f3n.[\/vc_column_text][\/vc_column][\/vc_row][vc_row][vc_column][vc_custom_heading text=&#8221;Los mejores parques tem\u00e1ticos que puedes visitar en Canc\u00fan y la Riviera Maya&#8221; font_container=&#8221;tag:h2|font_size:30px|text_align:left&#8221;][\/vc_column][\/vc_row][vc_row][vc_column][vc_custom_heading text=&#8221;Xcaret&#8221; font_container=&#8221;tag:h4|font_size:20px|text_align:left&#8221; link=&#8221;url:https%3A%2F%2Fwww.mycancuntours.com.mx%2Fpromociones-tours-combos||target:%20_blank|&#8221;][vc_column_text]\n<p class=\"\" data-start=\"1495\" data-end=\"1549\">Uno de los parques m\u00e1s emblem\u00e1ticos de M\u00e9xico. Ofrece:<\/p>\n<ul data-start=\"1550\" data-end=\"1753\">\n<li class=\"\" data-start=\"1550\" data-end=\"1598\">\n<p class=\"\" data-start=\"1552\" data-end=\"1598\"><strong>R\u00edos subterr\u00e1neos, playas y caletas naturales<\/strong>.<\/p>\n<\/li>\n<li class=\"\" data-start=\"1599\" data-end=\"1648\">\n<p class=\"\" data-start=\"1601\" data-end=\"1648\"><strong>Espect\u00e1culos culturales y danzas tradicionales<\/strong>.<\/p>\n<\/li>\n<li class=\"\" data-start=\"1649\" data-end=\"1688\">\n<p class=\"\" data-start=\"1651\" data-end=\"1688\"><strong>Fauna regional en h\u00e1bitats naturales<\/strong>.<\/p>\n<\/li>\n<li class=\"\" data-start=\"1689\" data-end=\"1753\">\n<p class=\"\" data-start=\"1691\" data-end=\"1753\"><strong>Un show nocturno inolvidable que cuenta la historia de M\u00e9xico<\/strong>.<\/p>\n<\/li>\n<\/ul>\n[\/vc_column_text][vc_single_image image=&#8221;31510&#8243; img_size=&#8221;large&#8221; alignment=&#8221;center&#8221; style=&#8221;vc_box_rounded&#8221; css=&#8221;.vc_custom_1747155625855{margin-top: 40px !important;}&#8221;][\/vc_column][\/vc_row][vc_row][vc_column][vc_custom_heading text=&#8221;Xel-H\u00e1&#8221; font_container=&#8221;tag:h4|font_size:20px|text_align:left&#8221; link=&#8221;url:https%3A%2F%2Fwww.mycancuntours.com.mx%2Fpromociones-tours-combos||target:%20_blank|&#8221;][vc_column_text]\n<p class=\"\" data-start=\"1770\" data-end=\"1854\">Un acuario natural perfecto para relajarte y practicar snorkel. Ideal para familias:<\/p>\n<ul data-start=\"1855\" data-end=\"1982\">\n<li class=\"\" data-start=\"1855\" data-end=\"1894\">\n<p class=\"\" data-start=\"1857\" data-end=\"1894\"><strong>Todo incluido en alimentos y bebidas.<\/strong><\/p>\n<\/li>\n<li class=\"\" data-start=\"1895\" data-end=\"1943\">\n<p class=\"\" data-start=\"1897\" data-end=\"1943\"><strong>Actividades acu\u00e1ticas en un entorno ecol\u00f3gico.<\/strong><\/p>\n<\/li>\n<li class=\"\" data-start=\"1944\" data-end=\"1982\">\n<p class=\"\" data-start=\"1946\" data-end=\"1982\"><strong>Miradores y senderos en plena selva.<\/strong><\/p>\n<\/li>\n<\/ul>\n[\/vc_column_text][vc_single_image image=&#8221;31545&#8243; img_size=&#8221;large&#8221; alignment=&#8221;center&#8221; style=&#8221;vc_box_rounded&#8221; css=&#8221;.vc_custom_1747155709023{margin-top: 40px !important;}&#8221;][\/vc_column][\/vc_row][vc_row][vc_column][vc_custom_heading text=&#8221;Parque Garraf\u00f3n \u2013 Isla Mujeres&#8221; font_container=&#8221;tag:h4|font_size:20px|text_align:left&#8221; link=&#8221;url:https%3A%2F%2Fwww.mycancuntours.com.mx%2Fcancun%2Fparque-garrafon%2Finformacion||target:%20_blank|&#8221;][vc_column_text]\n<p class=\"\" data-start=\"2024\" data-end=\"2074\">Ubicado frente al mar Caribe, este parque combina:<\/p>\n<ul data-start=\"2075\" data-end=\"2193\">\n<li class=\"\" data-start=\"2075\" data-end=\"2101\">\n<p class=\"\" data-start=\"2077\" data-end=\"2101\"><strong>Snorkel sobre arrecifes.<\/strong><\/p>\n<\/li>\n<li class=\"\" data-start=\"2102\" data-end=\"2144\">\n<p class=\"\" data-start=\"2104\" data-end=\"2144\"><strong>Kayak y tirolesa con vistas panor\u00e1micas.<\/strong><\/p>\n<\/li>\n<li class=\"\" data-start=\"2145\" data-end=\"2193\">\n<p class=\"\" data-start=\"2147\" data-end=\"2193\"><strong>\u00c1reas de relajaci\u00f3n con hamacas frente al mar.<\/strong><\/p>\n<\/li>\n<\/ul>\n[\/vc_column_text][vc_single_image image=&#8221;31443&#8243; img_size=&#8221;large&#8221; alignment=&#8221;center&#8221; style=&#8221;vc_box_rounded&#8221; css=&#8221;.vc_custom_1747155749349{margin-top: 40px !important;}&#8221;][\/vc_column][\/vc_row][vc_row][vc_column][vc_custom_heading text=&#8221;Parques en Tulum&#8221; font_container=&#8221;tag:h4|font_size:20px|text_align:left&#8221; link=&#8221;url:https%3A%2F%2Fwww.mycancuntours.com.mx%2Ftours-tulum%2Ftour-excursiones||target:%20_blank|&#8221;][vc_column_text]\n<p>I am text block. Click edit button to change this text. Lorem ipsum dolor sit amet, consectetur adipiscing elit. Ut elit tellus, luctus nec ullamcorper mattis, pulvinar dapibus leo.<\/p>\n[\/vc_column_text][vc_column_text]\n<p class=\"\" data-start=\"2220\" data-end=\"2282\">Explora el lado m\u00e1s art\u00edstico y espiritual de la Riviera Maya:<\/p>\n<ul data-start=\"2283\" data-end=\"2397\">\n<li class=\"\" data-start=\"2283\" data-end=\"2314\">\n<p class=\"\" data-start=\"2285\" data-end=\"2314\"><strong>Cenotes y cavernas naturales.<\/strong><\/p>\n<\/li>\n<li class=\"\" data-start=\"2315\" data-end=\"2352\">\n<p class=\"\" data-start=\"2317\" data-end=\"2352\"><strong>La famosa escultura &#8220;<a href=\"https:\/\/www.mycancuntours.com.mx\/tour-casa-tortugas-tulum-escultura\/informacion\">Ven a la Luz<\/a>&#8220;.<\/strong><\/p>\n<\/li>\n<li class=\"\" data-start=\"2353\" data-end=\"2397\">\n<p class=\"\" data-start=\"2355\" data-end=\"2397\"><strong>Gastronom\u00eda local y experiencias wellness.<\/strong><\/p>\n<\/li>\n<\/ul>\n[\/vc_column_text][vc_single_image image=&#8221;31500&#8243; img_size=&#8221;large&#8221; alignment=&#8221;center&#8221; style=&#8221;vc_box_rounded&#8221; css=&#8221;.vc_custom_1747155773189{margin-top: 40px !important;}&#8221;][\/vc_column][\/vc_row][vc_row][vc_column][vc_custom_heading text=&#8221;Loma Bonita&#8221; font_container=&#8221;tag:h4|font_size:20px|text_align:left&#8221; link=&#8221;url:https%3A%2F%2Fwww.mycancuntours.com.mx%2Fatvstirolesascaballoscenote%2Finformacion||target:%20_blank|&#8221;][vc_column_text]\n<p class=\"\" data-start=\"2422\" data-end=\"2484\">Un parque de aventura ideal para los amantes de la adrenalina:<\/p>\n<ul data-start=\"2485\" data-end=\"2597\">\n<li class=\"\" data-start=\"2485\" data-end=\"2518\">\n<p class=\"\" data-start=\"2487\" data-end=\"2518\"><strong>Recorridos en cuatrimoto (ATV).<\/strong><\/p>\n<\/li>\n<li class=\"\" data-start=\"2519\" data-end=\"2550\">\n<p class=\"\" data-start=\"2521\" data-end=\"2550\"><strong>Zonas selv\u00e1ticas y tirolesas.<\/strong><\/p>\n<\/li>\n<li class=\"\" data-start=\"2551\" data-end=\"2597\">\n<p class=\"\" data-start=\"2553\" data-end=\"2597\"><strong>Conexi\u00f3n directa con la Ruta de los Cenotes<\/strong>.<\/p>\n<\/li>\n<\/ul>\n[\/vc_column_text][vc_single_image image=&#8221;31408&#8243; img_size=&#8221;large&#8221; alignment=&#8221;center&#8221; style=&#8221;vc_box_rounded&#8221; css=&#8221;.vc_custom_1747155802912{margin-top: 40px !important;}&#8221;][\/vc_column][\/vc_row][vc_row][vc_column][vc_custom_heading text=&#8221;Santuario del Chocolate y la Miel&#8221; font_container=&#8221;tag:h4|font_size:20px|text_align:left&#8221; link=&#8221;url:https%3A%2F%2Fwww.mycancuntours.com.mx%2Fmaya%2Finformacion||target:%20_blank|&#8221;][vc_column_text]\n<p class=\"\" data-start=\"2641\" data-end=\"2674\">Un recorrido diferente y sabroso:<\/p>\n<ul data-start=\"2675\" data-end=\"2809\">\n<li class=\"\" data-start=\"2675\" data-end=\"2727\">\n<p class=\"\" data-start=\"2677\" data-end=\"2727\"><strong>Degustaciones de chocolate artesanal y miel local.<\/strong><\/p>\n<\/li>\n<li class=\"\" data-start=\"2728\" data-end=\"2768\">\n<p class=\"\" data-start=\"2730\" data-end=\"2768\"><strong>Historia del cacao en la cultura maya.<\/strong><\/p>\n<\/li>\n<li class=\"\" data-start=\"2769\" data-end=\"2809\">\n<p class=\"\" data-start=\"2771\" data-end=\"2809\"><strong>Actividades interactivas y educativa<\/strong><\/p>\n<\/li>\n<\/ul>\n[\/vc_column_text][vc_single_image image=&#8221;31546&#8243; img_size=&#8221;large&#8221; alignment=&#8221;center&#8221; style=&#8221;vc_box_rounded&#8221;][\/vc_column][\/vc_row][vc_row][vc_column][vc_custom_heading text=&#8221;\u00bfBuscas adrenalina extrema? Visita Xplor&#8221; font_container=&#8221;tag:h4|font_size:20px|text_align:left&#8221; link=&#8221;url:https%3A%2F%2Fwww.mycancuntours.com.mx%2Fpromociones-tours-combos||target:%20_blank|&#8221;][vc_column_text]\n<p class=\"\" data-start=\"2864\" data-end=\"2920\">Si lo tuyo son las emociones fuertes, Xplor es tu lugar:<\/p>\n<ul data-start=\"2921\" data-end=\"3057\">\n<li class=\"\" data-start=\"2921\" data-end=\"2957\">\n<p class=\"\" data-start=\"2923\" data-end=\"2957\"><strong>Tirolesas sobre la selva tropical.<\/strong><\/p>\n<\/li>\n<li class=\"\" data-start=\"2958\" data-end=\"2994\">\n<p class=\"\" data-start=\"2960\" data-end=\"2994\"><strong>Rutas en veh\u00edculos anfibios (ATV).<\/strong><\/p>\n<\/li>\n<li class=\"\" data-start=\"2995\" data-end=\"3057\">\n<p class=\"\" data-start=\"2997\" data-end=\"3057\"><strong>Expediciones por r\u00edos subterr\u00e1neos iluminados con antorchas.<\/strong><\/p>\n<\/li>\n<\/ul>\n[\/vc_column_text][vc_single_image image=&#8221;31520&#8243; img_size=&#8221;large&#8221; alignment=&#8221;center&#8221; style=&#8221;vc_box_rounded&#8221; css=&#8221;.vc_custom_1747155941858{margin-top: 40px !important;}&#8221;][\/vc_column][\/vc_row][vc_row][vc_column][vc_custom_heading text=&#8221;\u00bfPor qu\u00e9 elegir los parques tem\u00e1ticos de Canc\u00fan?&#8221; font_container=&#8221;tag:h3|font_size:30px|text_align:left&#8221; link=&#8221;url:https%3A%2F%2Fwww.mycancuntours.com.mx%2Fparques-naturales%2Ftour-excursiones||target:%20_blank|&#8221;][vc_column_text]\n<ul>\n<li class=\"\" data-start=\"3121\" data-end=\"3185\">\n<p class=\"\" data-start=\"3123\" data-end=\"3185\">Combinan <strong data-start=\"3132\" data-end=\"3167\">historia, naturaleza y aventura<\/strong> en un solo lugar.<\/p>\n<\/li>\n<li class=\"\" data-start=\"3186\" data-end=\"3245\">\n<p class=\"\" data-start=\"3188\" data-end=\"3245\">Ofrecen experiencias \u00fanicas adaptadas a todos los gustos.<\/p>\n<\/li>\n<li class=\"\" data-start=\"3246\" data-end=\"3314\">\n<p class=\"\" data-start=\"3248\" data-end=\"3314\">Son ideales tanto para familias, parejas como viajeros solitarios.<\/p>\n<\/li>\n<li class=\"\" data-start=\"3315\" data-end=\"3368\">\n<p class=\"\" data-start=\"3317\" data-end=\"3368\">Muchos de ellos tienen modalidad <strong data-start=\"3350\" data-end=\"3367\">todo incluido<\/strong>.<\/p>\n<\/li>\n<\/ul>\n[\/vc_column_text][\/vc_column][\/vc_row][vc_row][vc_column][vc_custom_heading text=&#8221;Consejos \u00fatiles para tu visita&#8221; font_container=&#8221;tag:h3|font_size:30px|text_align:left&#8221;][vc_column_text]\n<ul>\n<li class=\"\" data-start=\"3414\" data-end=\"3485\">\n<p class=\"\" data-start=\"3416\" data-end=\"3485\"><strong data-start=\"3416\" data-end=\"3445\">Reserva con anticipaci\u00f3n:<\/strong> Accede a mejores precios y evita filas.<\/p>\n<\/li>\n<li class=\"\" data-start=\"3486\" data-end=\"3592\">\n<p class=\"\" data-start=\"3488\" data-end=\"3592\"><strong data-start=\"3488\" data-end=\"3524\">Aprovecha los combos de parques:<\/strong> Muchos sitios ofrecen paquetes con descuento si visitas m\u00e1s de uno.<\/p>\n<\/li>\n<li class=\"\" data-start=\"3593\" data-end=\"3698\">\n<p class=\"\" data-start=\"3595\" data-end=\"3698\"><strong data-start=\"3595\" data-end=\"3616\">Alterna tus d\u00edas:<\/strong> Combina d\u00edas de aventura (ATVs, tirolesas) con d\u00edas de descanso (playa, snorkel).<\/p>\n<p>Los parques tem\u00e1ticos en <a href=\"https:\/\/www.mycancuntours.com.mx\/parques-naturales\/tour-excursiones\">Canc\u00fan y la Riviera Maya<\/a> son mucho m\u00e1s que simples atracciones: son portales a la historia de M\u00e9xico, a su riqueza natural y a la emoci\u00f3n pura. Si buscas unas vacaciones inolvidables, estos parques ofrecen algo \u00fanico para cada viajero.<\/li>\n<\/ul>\n[\/vc_column_text][\/vc_column][\/vc_row][vc_row][vc_column][vc_column_text]\u00bfQuieres descubrir los <strong data-start=\"4014\" data-end=\"4043\">mejores combos de parques<\/strong> y reservar al mejor precio?<br data-start=\"4071\" data-end=\"4074\" \/>? <a href=\"https:\/\/www.mycancuntours.com.mx\/promociones-tours-combos\"><strong data-start=\"4077\" data-end=\"4132\">Haz clic aqu\u00ed y encuentra el paquete ideal para ti.<\/strong><\/a>[\/vc_column_text][\/vc_column][\/vc_row][vc_row][vc_column][vc_basic_grid post_type=&#8221;post&#8221; max_items=&#8221;10&#8243; grid_id=&#8221;vc_gid:1747237647934-f227092e-1b99-5&#8243; taxonomies=&#8221;143&#8243;][\/vc_column][\/vc_row]\n","protected":false},"excerpt":{"rendered":"<p>[vc_row][vc_column][vc_custom_heading text=&#8221;Parques Tem\u00e1ticos en Canc\u00fan y Riviera Maya: Xcaret, Tulum, Isla Mujeres y M\u00e1s&#8221; font_container=&#8221;tag:h1|font_size:40px|text_align:left&#8221; link=&#8221;url:https%3A%2F%2Fwww.mycancuntours.com.mx%2Fparques-naturales%2Ftour-excursiones||target:%20_blank|&#8221;][\/vc_column][\/vc_row][vc_row][vc_column][vc_column_text]\u00bfEst\u00e1s planeando unas vacaciones en&#8230;<\/p>\n","protected":false},"author":1,"featured_media":0,"parent":0,"menu_order":0,"comment_status":"closed","ping_status":"closed","template":"","meta":[],"yoast_head":"<!-- This site is optimized with the Yoast SEO plugin v17.8 - https:\/\/yoast.com\/wordpress\/plugins\/seo\/ -->\r\n<title>Parques Tem\u00e1ticos en Canc\u00fan y Riviera Maya: Xcaret, Tulum<\/title>\r\n<meta name=\"description\" content=\"Descubre los mejores parques tem\u00e1ticos en Canc\u00fan y Riviera Maya: Xcaret, Xel-H\u00e1, Tulum, Isla Mujeres y m\u00e1s. Aventura, cultura y naturaleza.\" \/>\r\n<meta name=\"robots\" content=\"index, follow, max-snippet:-1, max-image-preview:large, max-video-preview:-1\" \/>\r\n<link rel=\"canonical\" href=\"https:\/\/www.mycancuntours.com.mx\/quehacerencancun\/xcaret-y-parques-tematicos-en-cancun\/\" \/>\r\n<meta property=\"og:locale\" content=\"es_MX\" \/>\r\n<meta property=\"og:type\" content=\"article\" \/>\r\n<meta property=\"og:title\" content=\"Parques Tem\u00e1ticos en Canc\u00fan y Riviera Maya: Xcaret, Tulum\" \/>\r\n<meta property=\"og:description\" content=\"Descubre los mejores parques tem\u00e1ticos en Canc\u00fan y Riviera Maya: Xcaret, Xel-H\u00e1, Tulum, Isla Mujeres y m\u00e1s. Aventura, cultura y naturaleza.\" \/>\r\n<meta property=\"og:url\" content=\"https:\/\/www.mycancuntours.com.mx\/quehacerencancun\/xcaret-y-parques-tematicos-en-cancun\/\" \/>\r\n<meta property=\"og:site_name\" content=\"Que Hacer en Cancun\" \/>\r\n<meta property=\"article:publisher\" content=\"https:\/\/www.facebook.com\/mycancuntours\" \/>\r\n<meta property=\"article:modified_time\" content=\"2025-05-14T15:55:35+00:00\" \/>\r\n<meta property=\"og:image\" content=\"https:\/\/www.mycancuntours.com.mx\/quehacerencancun\/wp-content\/uploads\/2020\/08\/31034652362_4f0920e149_c.jpg\" \/>\r\n\t<meta property=\"og:image:width\" content=\"799\" \/>\r\n\t<meta property=\"og:image:height\" content=\"533\" \/>\r\n<meta name=\"twitter:card\" content=\"summary_large_image\" \/>\r\n<meta name=\"twitter:site\" content=\"@mycancuntours\" \/>\r\n<meta name=\"twitter:label1\" content=\"Tiempo de lectura\" \/>\n\t<meta name=\"twitter:data1\" content=\"6 minutos\" \/>\r\n<script type=\"application\/ld+json\" class=\"yoast-schema-graph\">{\"@context\":\"https:\/\/schema.org\",\"@graph\":[{\"@type\":\"Organization\",\"@id\":\"https:\/\/www.mycancuntours.com.mx\/quehacerencancun\/#organization\",\"name\":\"MyCancunTours\",\"url\":\"https:\/\/www.mycancuntours.com.mx\/quehacerencancun\/\",\"sameAs\":[\"https:\/\/www.facebook.com\/mycancuntours\",\"https:\/\/www.instagram.com\/mycancuntours\/\",\"https:\/\/www.youtube.com\/user\/mycancuntours\",\"https:\/\/www.pinterest.com.mx\/mycancuntours\",\"https:\/\/twitter.com\/mycancuntours\"],\"logo\":{\"@type\":\"ImageObject\",\"@id\":\"https:\/\/www.mycancuntours.com.mx\/quehacerencancun\/#logo\",\"inLanguage\":\"es-MX\",\"url\":\"https:\/\/www.mycancuntours.com.mx\/quehacerencancun\/wp-content\/uploads\/2020\/04\/mycancuntours-18anos.png\",\"contentUrl\":\"https:\/\/www.mycancuntours.com.mx\/quehacerencancun\/wp-content\/uploads\/2020\/04\/mycancuntours-18anos.png\",\"width\":200,\"height\":47,\"caption\":\"MyCancunTours\"},\"image\":{\"@id\":\"https:\/\/www.mycancuntours.com.mx\/quehacerencancun\/#logo\"}},{\"@type\":\"WebSite\",\"@id\":\"https:\/\/www.mycancuntours.com.mx\/quehacerencancun\/#website\",\"url\":\"https:\/\/www.mycancuntours.com.mx\/quehacerencancun\/\",\"name\":\"Que Hacer en Cancun\",\"description\":\"Viaja como local con MyCancunTours\",\"publisher\":{\"@id\":\"https:\/\/www.mycancuntours.com.mx\/quehacerencancun\/#organization\"},\"potentialAction\":[{\"@type\":\"SearchAction\",\"target\":{\"@type\":\"EntryPoint\",\"urlTemplate\":\"https:\/\/www.mycancuntours.com.mx\/quehacerencancun\/?s={search_term_string}\"},\"query-input\":\"required name=search_term_string\"}],\"inLanguage\":\"es-MX\"},{\"@type\":\"WebPage\",\"@id\":\"https:\/\/www.mycancuntours.com.mx\/quehacerencancun\/xcaret-y-parques-tematicos-en-cancun\/#webpage\",\"url\":\"https:\/\/www.mycancuntours.com.mx\/quehacerencancun\/xcaret-y-parques-tematicos-en-cancun\/\",\"name\":\"Parques Tem\\u00e1ticos en Canc\\u00fan y Riviera Maya: Xcaret, Tulum\",\"isPartOf\":{\"@id\":\"https:\/\/www.mycancuntours.com.mx\/quehacerencancun\/#website\"},\"datePublished\":\"2025-05-14T15:49:15+00:00\",\"dateModified\":\"2025-05-14T15:55:35+00:00\",\"description\":\"Descubre los mejores parques tem\\u00e1ticos en Canc\\u00fan y Riviera Maya: Xcaret, Xel-H\\u00e1, Tulum, Isla Mujeres y m\\u00e1s. Aventura, cultura y naturaleza.\",\"breadcrumb\":{\"@id\":\"https:\/\/www.mycancuntours.com.mx\/quehacerencancun\/xcaret-y-parques-tematicos-en-cancun\/#breadcrumb\"},\"inLanguage\":\"es-MX\",\"potentialAction\":[{\"@type\":\"ReadAction\",\"target\":[\"https:\/\/www.mycancuntours.com.mx\/quehacerencancun\/xcaret-y-parques-tematicos-en-cancun\/\"]}]},{\"@type\":\"BreadcrumbList\",\"@id\":\"https:\/\/www.mycancuntours.com.mx\/quehacerencancun\/xcaret-y-parques-tematicos-en-cancun\/#breadcrumb\",\"itemListElement\":[{\"@type\":\"ListItem\",\"position\":1,\"name\":\"Inicio\",\"item\":\"https:\/\/www.mycancuntours.com.mx\/quehacerencancun\/\"},{\"@type\":\"ListItem\",\"position\":2,\"name\":\"Parques Tem\\u00e1ticos Desde Canc\\u00fan y Riviera Maya\"}]}]}<\/script>\r\n<!-- \/ Yoast SEO plugin. -->","yoast_head_json":{"title":"Parques Tem\u00e1ticos en Canc\u00fan y Riviera Maya: Xcaret, Tulum","description":"Descubre los mejores parques tem\u00e1ticos en Canc\u00fan y Riviera Maya: Xcaret, Xel-H\u00e1, Tulum, Isla Mujeres y m\u00e1s. Aventura, cultura y naturaleza.","robots":{"index":"index","follow":"follow","max-snippet":"max-snippet:-1","max-image-preview":"max-image-preview:large","max-video-preview":"max-video-preview:-1"},"canonical":"https:\/\/www.mycancuntours.com.mx\/quehacerencancun\/xcaret-y-parques-tematicos-en-cancun\/","og_locale":"es_MX","og_type":"article","og_title":"Parques Tem\u00e1ticos en Canc\u00fan y Riviera Maya: Xcaret, Tulum","og_description":"Descubre los mejores parques tem\u00e1ticos en Canc\u00fan y Riviera Maya: Xcaret, Xel-H\u00e1, Tulum, Isla Mujeres y m\u00e1s. Aventura, cultura y naturaleza.","og_url":"https:\/\/www.mycancuntours.com.mx\/quehacerencancun\/xcaret-y-parques-tematicos-en-cancun\/","og_site_name":"Que Hacer en Cancun","article_publisher":"https:\/\/www.facebook.com\/mycancuntours","article_modified_time":"2025-05-14T15:55:35+00:00","og_image":[{"width":799,"height":533,"url":"https:\/\/www.mycancuntours.com.mx\/quehacerencancun\/wp-content\/uploads\/2020\/08\/31034652362_4f0920e149_c.jpg","type":"image\/jpeg"}],"twitter_card":"summary_large_image","twitter_site":"@mycancuntours","twitter_misc":{"Tiempo de lectura":"6 minutos"},"schema":{"@context":"https:\/\/schema.org","@graph":[{"@type":"Organization","@id":"https:\/\/www.mycancuntours.com.mx\/quehacerencancun\/#organization","name":"MyCancunTours","url":"https:\/\/www.mycancuntours.com.mx\/quehacerencancun\/","sameAs":["https:\/\/www.facebook.com\/mycancuntours","https:\/\/www.instagram.com\/mycancuntours\/","https:\/\/www.youtube.com\/user\/mycancuntours","https:\/\/www.pinterest.com.mx\/mycancuntours","https:\/\/twitter.com\/mycancuntours"],"logo":{"@type":"ImageObject","@id":"https:\/\/www.mycancuntours.com.mx\/quehacerencancun\/#logo","inLanguage":"es-MX","url":"https:\/\/www.mycancuntours.com.mx\/quehacerencancun\/wp-content\/uploads\/2020\/04\/mycancuntours-18anos.png","contentUrl":"https:\/\/www.mycancuntours.com.mx\/quehacerencancun\/wp-content\/uploads\/2020\/04\/mycancuntours-18anos.png","width":200,"height":47,"caption":"MyCancunTours"},"image":{"@id":"https:\/\/www.mycancuntours.com.mx\/quehacerencancun\/#logo"}},{"@type":"WebSite","@id":"https:\/\/www.mycancuntours.com.mx\/quehacerencancun\/#website","url":"https:\/\/www.mycancuntours.com.mx\/quehacerencancun\/","name":"Que Hacer en Cancun","description":"Viaja como local con MyCancunTours","publisher":{"@id":"https:\/\/www.mycancuntours.com.mx\/quehacerencancun\/#organization"},"potentialAction":[{"@type":"SearchAction","target":{"@type":"EntryPoint","urlTemplate":"https:\/\/www.mycancuntours.com.mx\/quehacerencancun\/?s={search_term_string}"},"query-input":"required name=search_term_string"}],"inLanguage":"es-MX"},{"@type":"WebPage","@id":"https:\/\/www.mycancuntours.com.mx\/quehacerencancun\/xcaret-y-parques-tematicos-en-cancun\/#webpage","url":"https:\/\/www.mycancuntours.com.mx\/quehacerencancun\/xcaret-y-parques-tematicos-en-cancun\/","name":"Parques Tem\u00e1ticos en Canc\u00fan y Riviera Maya: Xcaret, Tulum","isPartOf":{"@id":"https:\/\/www.mycancuntours.com.mx\/quehacerencancun\/#website"},"datePublished":"2025-05-14T15:49:15+00:00","dateModified":"2025-05-14T15:55:35+00:00","description":"Descubre los mejores parques tem\u00e1ticos en Canc\u00fan y Riviera Maya: Xcaret, Xel-H\u00e1, Tulum, Isla Mujeres y m\u00e1s. Aventura, cultura y naturaleza.","breadcrumb":{"@id":"https:\/\/www.mycancuntours.com.mx\/quehacerencancun\/xcaret-y-parques-tematicos-en-cancun\/#breadcrumb"},"inLanguage":"es-MX","potentialAction":[{"@type":"ReadAction","target":["https:\/\/www.mycancuntours.com.mx\/quehacerencancun\/xcaret-y-parques-tematicos-en-cancun\/"]}]},{"@type":"BreadcrumbList","@id":"https:\/\/www.mycancuntours.com.mx\/quehacerencancun\/xcaret-y-parques-tematicos-en-cancun\/#breadcrumb","itemListElement":[{"@type":"ListItem","position":1,"name":"Inicio","item":"https:\/\/www.mycancuntours.com.mx\/quehacerencancun\/"},{"@type":"ListItem","position":2,"name":"Parques Tem\u00e1ticos Desde Canc\u00fan y Riviera Maya"}]}]}},"_links":{"self":[{"href":"https:\/\/www.mycancuntours.com.mx\/quehacerencancun\/wp-json\/wp\/v2\/pages\/31603"}],"collection":[{"href":"https:\/\/www.mycancuntours.com.mx\/quehacerencancun\/wp-json\/wp\/v2\/pages"}],"about":[{"href":"https:\/\/www.mycancuntours.com.mx\/quehacerencancun\/wp-json\/wp\/v2\/types\/page"}],"author":[{"embeddable":true,"href":"https:\/\/www.mycancuntours.com.mx\/quehacerencancun\/wp-json\/wp\/v2\/users\/1"}],"replies":[{"embeddable":true,"href":"https:\/\/www.mycancuntours.com.mx\/quehacerencancun\/wp-json\/wp\/v2\/comments?post=31603"}],"version-history":[{"count":2,"href":"https:\/\/www.mycancuntours.com.mx\/quehacerencancun\/wp-json\/wp\/v2\/pages\/31603\/revisions"}],"predecessor-version":[{"id":31606,"href":"https:\/\/www.mycancuntours.com.mx\/quehacerencancun\/wp-json\/wp\/v2\/pages\/31603\/revisions\/31606"}],"wp:attachment":[{"href":"https:\/\/www.mycancuntours.com.mx\/quehacerencancun\/wp-json\/wp\/v2\/media?parent=31603"}],"curies":[{"name":"wp","href":"https:\/\/api.w.org\/{rel}","templated":true}]}}